{"id":2260,"date":"2026-03-27T09:08:01","date_gmt":"2026-03-27T09:08:01","guid":{"rendered":"https:\/\/preprod.transcan.fr\/?page_id=2260"},"modified":"2026-05-04T12:16:22","modified_gmt":"2026-05-04T12:16:22","slug":"stockage","status":"publish","type":"page","link":"https:\/\/preprod.transcan.fr\/?page_id=2260","title":{"rendered":"Stockage"},"content":{"rendered":"\t\t<div data-elementor-type=\"wp-page\" data-elementor-id=\"2260\" class=\"elementor elementor-2260\" data-elementor-post-type=\"page\">\n\t\t\t\t<div class=\"elementor-element elementor-element-de50b80 e-con-full e-flex e-con e-parent\" data-id=\"de50b80\" data-element_type=\"container\" data-e-type=\"container\" data-settings=\"{&quot;background_background&quot;:&quot;classic&quot;}\">\n\t\t<div class=\"elementor-element elementor-element-bb73b72 e-con-full e-flex e-con e-child\" data-id=\"bb73b72\" data-element_type=\"container\" data-e-type=\"container\">\n\t\t\t\t<div class=\"elementor-element elementor-element-28213c6 elementor-widget elementor-widget-spacer\" data-id=\"28213c6\" data-element_type=\"widget\" data-e-type=\"widget\" data-widget_type=\"spacer.default\">\n\t\t\t\t\t\t\t<div class=\"elementor-spacer\">\n\t\t\t<div class=\"elementor-spacer-inner\"><\/div>\n\t\t<\/div>\n\t\t\t\t\t\t<\/div>\n\t\t\t\t<div class=\"elementor-element elementor-element-aa19189 elementor-widget elementor-widget-text-editor\" data-id=\"aa19189\" data-element_type=\"widget\" data-e-type=\"widget\" data-widget_type=\"text-editor.default\">\n\t\t\t\t\t\t\t\t\t<p>Stockage \u1433 Logistique &amp; E-Commerce<\/p>\t\t\t\t\t\t\t\t<\/div>\n\t\t\t\t<div class=\"elementor-element elementor-element-fea79b7 elementor-widget elementor-widget-heading\" data-id=\"fea79b7\" data-element_type=\"widget\" data-e-type=\"widget\" data-widget_type=\"heading.default\">\n\t\t\t\t\t<h2 class=\"elementor-heading-title elementor-size-default\">La logistique <br>qui livre <br>vos promesses<\/h2>\t\t\t\t<\/div>\n\t\t\t\t<div class=\"elementor-element elementor-element-f78f31a elementor-widget elementor-widget-text-editor\" data-id=\"f78f31a\" data-element_type=\"widget\" data-e-type=\"widget\" data-widget_type=\"text-editor.default\">\n\t\t\t\t\t\t\t\t\t<p>Solutions logistiques sur mesure pour la grande distribution, l&rsquo;industrie, les particuliers et l&rsquo;\u00e9v\u00e9nementiel, du dernier kilom\u00e8tre \u00e0 la manutention lourde.<\/p>\t\t\t\t\t\t\t\t<\/div>\n\t\t\t\t<\/div>\n\t\t<div class=\"elementor-element elementor-element-0ff0626 e-con-full e-flex e-con e-child\" data-id=\"0ff0626\" data-element_type=\"container\" data-e-type=\"container\">\n\t\t\t\t<div class=\"elementor-element elementor-element-6598fc9 elementor-widget elementor-widget-spacer\" data-id=\"6598fc9\" data-element_type=\"widget\" data-e-type=\"widget\" data-widget_type=\"spacer.default\">\n\t\t\t\t\t\t\t<div class=\"elementor-spacer\">\n\t\t\t<div class=\"elementor-spacer-inner\"><\/div>\n\t\t<\/div>\n\t\t\t\t\t\t<\/div>\n\t\t\t\t<div class=\"elementor-element elementor-element-a2d76d0 elementor-widget__width-initial elementor-widget elementor-widget-image\" data-id=\"a2d76d0\" data-element_type=\"widget\" data-e-type=\"widget\" data-widget_type=\"image.default\">\n\t\t\t\t\t\t\t\t\t\t\t\t\t\t\t<img fetchpriority=\"high\" decoding=\"async\" width=\"800\" height=\"400\" src=\"https:\/\/preprod.transcan.fr\/wp-content\/uploads\/2026\/03\/TRANSCAN-STOCKAGE-1024x512.png\" class=\"attachment-large size-large wp-image-2435\" alt=\"\" srcset=\"https:\/\/preprod.transcan.fr\/wp-content\/uploads\/2026\/03\/TRANSCAN-STOCKAGE-1024x512.png 1024w, https:\/\/preprod.transcan.fr\/wp-content\/uploads\/2026\/03\/TRANSCAN-STOCKAGE-300x150.png 300w, https:\/\/preprod.transcan.fr\/wp-content\/uploads\/2026\/03\/TRANSCAN-STOCKAGE-768x384.png 768w, https:\/\/preprod.transcan.fr\/wp-content\/uploads\/2026\/03\/TRANSCAN-STOCKAGE-1536x768.png 1536w, https:\/\/preprod.transcan.fr\/wp-content\/uploads\/2026\/03\/TRANSCAN-STOCKAGE.png 1772w\" sizes=\"(max-width: 800px) 100vw, 800px\" \/>\t\t\t\t\t\t\t\t\t\t\t\t\t\t\t<\/div>\n\t\t\t\t<\/div>\n\t\t\t\t<\/div>\n\t\t<div class=\"elementor-element elementor-element-c82939a e-flex e-con-boxed e-con e-parent\" data-id=\"c82939a\" data-element_type=\"container\" data-e-type=\"container\" data-settings=\"{&quot;background_background&quot;:&quot;classic&quot;}\">\n\t\t\t\t\t<div class=\"e-con-inner\">\n\t\t\t\t<div class=\"elementor-element elementor-element-30768f7 elementor-widget elementor-widget-spacer\" data-id=\"30768f7\" data-element_type=\"widget\" data-e-type=\"widget\" data-widget_type=\"spacer.default\">\n\t\t\t\t\t\t\t<div class=\"elementor-spacer\">\n\t\t\t<div class=\"elementor-spacer-inner\"><\/div>\n\t\t<\/div>\n\t\t\t\t\t\t<\/div>\n\t\t\t\t<div class=\"elementor-element elementor-element-5b8936e elementor-widget elementor-widget-counter\" data-id=\"5b8936e\" data-element_type=\"widget\" data-e-type=\"widget\" data-widget_type=\"counter.default\">\n\t\t\t\t\t\t\t<div class=\"elementor-counter\">\n\t\t\t<div class=\"elementor-counter-title\">Num\u00e9ro cool<\/div>\t\t\t<div class=\"elementor-counter-number-wrapper\">\n\t\t\t\t<span class=\"elementor-counter-number-prefix\"><\/span>\n\t\t\t\t<span class=\"elementor-counter-number\" data-duration=\"2000\" data-to-value=\"100\" data-from-value=\"0\" data-delimiter=\",\">0<\/span>\n\t\t\t\t<span class=\"elementor-counter-number-suffix\"><\/span>\n\t\t\t<\/div>\n\t\t<\/div>\n\t\t\t\t\t\t<\/div>\n\t\t\t\t<div class=\"elementor-element elementor-element-d1db9d0 elementor-widget elementor-widget-spacer\" data-id=\"d1db9d0\" data-element_type=\"widget\" data-e-type=\"widget\" data-widget_type=\"spacer.default\">\n\t\t\t\t\t\t\t<div class=\"elementor-spacer\">\n\t\t\t<div class=\"elementor-spacer-inner\"><\/div>\n\t\t<\/div>\n\t\t\t\t\t\t<\/div>\n\t\t\t\t\t<\/div>\n\t\t\t\t<\/div>\n\t\t<div class=\"elementor-element elementor-element-a0bf116 e-flex e-con-boxed e-con e-parent\" data-id=\"a0bf116\" data-element_type=\"container\" data-e-type=\"container\" data-settings=\"{&quot;background_background&quot;:&quot;gradient&quot;}\">\n\t\t\t\t\t<div class=\"e-con-inner\">\n\t\t<div class=\"elementor-element elementor-element-f5f0f05 e-con-full e-flex e-con e-child\" data-id=\"f5f0f05\" data-element_type=\"container\" data-e-type=\"container\">\n\t\t\t\t<div class=\"elementor-element elementor-element-08f9710 elementor-widget elementor-widget-image\" data-id=\"08f9710\" data-element_type=\"widget\" data-e-type=\"widget\" data-widget_type=\"image.default\">\n\t\t\t\t\t\t\t\t\t\t\t\t\t\t\t<img decoding=\"async\" width=\"300\" height=\"150\" src=\"https:\/\/preprod.transcan.fr\/wp-content\/uploads\/2026\/03\/TRANSCAN-STOCKAGE-300x150.png\" class=\"attachment-medium size-medium wp-image-2435\" alt=\"\" srcset=\"https:\/\/preprod.transcan.fr\/wp-content\/uploads\/2026\/03\/TRANSCAN-STOCKAGE-300x150.png 300w, https:\/\/preprod.transcan.fr\/wp-content\/uploads\/2026\/03\/TRANSCAN-STOCKAGE-1024x512.png 1024w, https:\/\/preprod.transcan.fr\/wp-content\/uploads\/2026\/03\/TRANSCAN-STOCKAGE-768x384.png 768w, https:\/\/preprod.transcan.fr\/wp-content\/uploads\/2026\/03\/TRANSCAN-STOCKAGE-1536x768.png 1536w, https:\/\/preprod.transcan.fr\/wp-content\/uploads\/2026\/03\/TRANSCAN-STOCKAGE.png 1772w\" sizes=\"(max-width: 300px) 100vw, 300px\" \/>\t\t\t\t\t\t\t\t\t\t\t\t\t\t\t<\/div>\n\t\t\t\t<div class=\"elementor-element elementor-element-774f6cd elementor-widget elementor-widget-text-editor\" data-id=\"774f6cd\" data-element_type=\"widget\" data-e-type=\"widget\" data-widget_type=\"text-editor.default\">\n\t\t\t\t\t\t\t\t\t<p>La filiale Stockage de Transcan joue un r\u00f4le central dans la gestion et l\u2019optimisation des flux de marchandises. Elle s\u2019appuie sur des expertises compl\u00e9mentaires en logistique et e-commerce pour proposer des solutions de stockage fiables, s\u00e9curis\u00e9es et adapt\u00e9es aux besoins des professionnels comme des particuliers. Dans un contexte marqu\u00e9 par l\u2019essor du digital et l\u2019\u00e9volution des modes de consommation, cette filiale accompagne ses clients avec des dispositifs flexibles et \u00e9volutifs.<\/p><p>L\u2019activit\u00e9 Logistique permet de prendre en charge l\u2019ensemble de la cha\u00eene de gestion des marchandises, depuis la r\u00e9ception des produits jusqu\u2019\u00e0 leur exp\u00e9dition. Les solutions mises en place sont con\u00e7ues sur mesure afin de r\u00e9pondre aux sp\u00e9cificit\u00e9s de chaque activit\u00e9. Gr\u00e2ce \u00e0 des infrastructures performantes et \u00e0 des processus optimis\u00e9s, Transcan garantit un haut niveau de fiabilit\u00e9, une tra\u00e7abilit\u00e9 compl\u00e8te des flux et une continuit\u00e9 op\u00e9rationnelle essentielle pour ses clients.<\/p>\t\t\t\t\t\t\t\t<\/div>\n\t\t\t\t<div class=\"elementor-element elementor-element-0efce2c elementor-widget elementor-widget-spacer\" data-id=\"0efce2c\" data-element_type=\"widget\" data-e-type=\"widget\" data-widget_type=\"spacer.default\">\n\t\t\t\t\t\t\t<div class=\"elementor-spacer\">\n\t\t\t<div class=\"elementor-spacer-inner\"><\/div>\n\t\t<\/div>\n\t\t\t\t\t\t<\/div>\n\t\t\t\t<\/div>\n\t\t<div class=\"elementor-element elementor-element-0dd9c77 e-con-full e-flex e-con e-child\" data-id=\"0dd9c77\" data-element_type=\"container\" data-e-type=\"container\">\n\t\t\t\t<div class=\"elementor-element elementor-element-e03a722 elementor-widget elementor-widget-spacer\" data-id=\"e03a722\" data-element_type=\"widget\" data-e-type=\"widget\" data-widget_type=\"spacer.default\">\n\t\t\t\t\t\t\t<div class=\"elementor-spacer\">\n\t\t\t<div class=\"elementor-spacer-inner\"><\/div>\n\t\t<\/div>\n\t\t\t\t\t\t<\/div>\n\t\t\t\t<div class=\"elementor-element elementor-element-a2e19a7 elementor-widget elementor-widget-text-editor\" data-id=\"a2e19a7\" data-element_type=\"widget\" data-e-type=\"widget\" data-widget_type=\"text-editor.default\">\n\t\t\t\t\t\t\t\t\t<p>En parall\u00e8le, l\u2019activit\u00e9 E-commerce r\u00e9pond aux exigences croissantes des acteurs de la vente en ligne et du retail omnicanal. Transcan assure la gestion des commandes avec rapidit\u00e9 et pr\u00e9cision, en int\u00e9grant des solutions capables de s\u2019adapter aux variations d\u2019activit\u00e9. Cette organisation permet d\u2019optimiser les d\u00e9lais de traitement et de livraison tout en garantissant une exp\u00e9rience client fluide, devenue incontournable dans un environnement digital concurrentiel.<\/p><p>La force de la filiale Stockage r\u00e9side dans sa capacit\u00e9 \u00e0 centraliser et s\u00e9curiser les flux sur l\u2019ensemble de la cha\u00eene logistique, tout en proposant des solutions suffisamment agiles pour accompagner la croissance du e-commerce. Elle r\u00e9pond \u00e9galement aux besoins vari\u00e9s de stockage, qu\u2019il s\u2019agisse d\u2019entreprises ou de particuliers, et s\u2019inscrit pleinement dans la compl\u00e9mentarit\u00e9 des m\u00e9tiers du groupe. En lien \u00e9troit avec les activit\u00e9s de transport et de distribution, Transcan propose ainsi une approche globale et coh\u00e9rente de la supply chain, alliant performance, adaptabilit\u00e9 et qualit\u00e9 de service.<\/p>\t\t\t\t\t\t\t\t<\/div>\n\t\t\t\t<\/div>\n\t\t\t\t\t<\/div>\n\t\t\t\t<\/div>\n\t\t<div class=\"elementor-element elementor-element-7231dc0 e-flex e-con-boxed e-con e-parent\" data-id=\"7231dc0\" data-element_type=\"container\" data-e-type=\"container\">\n\t\t\t\t\t<div class=\"e-con-inner\">\n\t\t\t\t<div class=\"elementor-element elementor-element-b6abe9e elementor-widget elementor-widget-spacer\" data-id=\"b6abe9e\" data-element_type=\"widget\" data-e-type=\"widget\" data-widget_type=\"spacer.default\">\n\t\t\t\t\t\t\t<div class=\"elementor-spacer\">\n\t\t\t<div class=\"elementor-spacer-inner\"><\/div>\n\t\t<\/div>\n\t\t\t\t\t\t<\/div>\n\t\t\t\t\t<\/div>\n\t\t\t\t<\/div>\n\t\t<div class=\"elementor-element elementor-element-7ed9949 e-flex e-con-boxed e-con e-parent\" data-id=\"7ed9949\" data-element_type=\"container\" data-e-type=\"container\">\n\t\t\t\t\t<div class=\"e-con-inner\">\n\t\t<div class=\"elementor-element elementor-element-d78b6c7 e-con-full e-flex e-con e-child\" data-id=\"d78b6c7\" data-element_type=\"container\" data-e-type=\"container\">\n\t\t\t\t<div class=\"elementor-element elementor-element-6985fd2 elementor-widget elementor-widget-image\" data-id=\"6985fd2\" data-element_type=\"widget\" data-e-type=\"widget\" data-widget_type=\"image.default\">\n\t\t\t\t\t\t\t\t\t\t\t\t\t\t\t<img decoding=\"async\" width=\"382\" height=\"90\" src=\"https:\/\/preprod.transcan.fr\/wp-content\/uploads\/2026\/03\/LOGISTIQUE.jpg\" class=\"attachment-large size-large wp-image-2202\" alt=\"\" srcset=\"https:\/\/preprod.transcan.fr\/wp-content\/uploads\/2026\/03\/LOGISTIQUE.jpg 382w, https:\/\/preprod.transcan.fr\/wp-content\/uploads\/2026\/03\/LOGISTIQUE-300x71.jpg 300w\" sizes=\"(max-width: 382px) 100vw, 382px\" \/>\t\t\t\t\t\t\t\t\t\t\t\t\t\t\t<\/div>\n\t\t\t\t<div class=\"elementor-element elementor-element-f49ae99 elementor-widget elementor-widget-text-editor\" data-id=\"f49ae99\" data-element_type=\"widget\" data-e-type=\"widget\" data-widget_type=\"text-editor.default\">\n\t\t\t\t\t\t\t\t\t<h2 class=\"elementor-heading-title elementor-size-default elementor-inline-editing pen\" contenteditable=\"true\" data-elementor-setting-key=\"title\" data-pen-placeholder=\"\u00c9crivez ici...\">Le saviez-vous ?\u200b<\/h2>\t\t\t\t\t\t\t\t<\/div>\n\t\t\t\t<div class=\"elementor-element elementor-element-6e71479 elementor-widget elementor-widget-text-editor\" data-id=\"6e71479\" data-element_type=\"widget\" data-e-type=\"widget\" data-widget_type=\"text-editor.default\">\n\t\t\t\t\t\t\t\t\t<p data-start=\"186\" data-end=\"357\">Dans la logistique, tout commence bien avant l\u2019arriv\u00e9e d\u2019un produit \u00e0 destination.<br data-start=\"268\" data-end=\"271\" \/>Avant le stockage, avant l\u2019exp\u00e9dition, avant m\u00eame le mouvement\u2026 il y a l\u2019organisation.<\/p><p data-start=\"359\" data-end=\"537\">La filiale Logistique de Transcan intervient dans l\u2019ombre pour orchestrer chaque \u00e9tape de votre cha\u00eene logistique, avec une exigence de pr\u00e9cision, de fiabilit\u00e9 et de performance.<\/p><p data-start=\"539\" data-end=\"630\">Nous proposons des solutions logistiques compl\u00e8tes et adapt\u00e9es aux besoins de nos clients :<\/p><ul data-start=\"632\" data-end=\"960\"><li data-section-id=\"ocal81\" data-start=\"632\" data-end=\"674\">R\u00e9ception et contr\u00f4le des marchandises<\/li><li data-section-id=\"1dmzh2k\" data-start=\"675\" data-end=\"735\">Stockage optimis\u00e9 en fonction des typologies de produits<\/li><li data-section-id=\"imhpxe\" data-start=\"736\" data-end=\"772\">Gestion des stocks en temps r\u00e9el<\/li><li data-section-id=\"148kchn\" data-start=\"773\" data-end=\"831\">Pr\u00e9paration de commandes et conditionnement sur mesure<\/li><li data-section-id=\"2kbuhh\" data-start=\"832\" data-end=\"864\">Emballage s\u00e9curis\u00e9 et adapt\u00e9<\/li><li data-section-id=\"1titvnk\" data-start=\"865\" data-end=\"905\">Suivi rigoureux des flux logistiques<\/li><li data-section-id=\"1mi86zd\" data-start=\"906\" data-end=\"960\">Coordination des op\u00e9rations entrantes et sortantes<\/li><\/ul><div>\u00a0<\/div><div><p data-start=\"962\" data-end=\"1081\">Chaque \u00e9tape est pens\u00e9e comme une op\u00e9ration strat\u00e9gique, o\u00f9 la fiabilit\u00e9, l\u2019agilit\u00e9 et la r\u00e9activit\u00e9 sont essentielles.<\/p><p data-start=\"1083\" data-end=\"1271\">Nos \u00e9quipes s\u2019adaptent \u00e0 des environnements vari\u00e9s et exigeants, qu\u2019il s\u2019agisse d\u2019op\u00e9rations industrielles, de flux multi-sites ou de projets complexes n\u00e9cessitant une grande coordination.<\/p><p data-start=\"1273\" data-end=\"1399\">Parce que dans notre m\u00e9tier, chaque mouvement compte : chaque colis doit \u00eatre l\u00e0 o\u00f9 il doit \u00eatre, au moment o\u00f9 il doit y \u00eatre.<\/p><p data-start=\"1401\" data-end=\"1494\"><strong data-start=\"1401\" data-end=\"1492\">Nous travaillons dans l\u2019ombre, pour que votre logistique soit un moteur de performance.<\/strong><\/p><\/div>\t\t\t\t\t\t\t\t<\/div>\n\t\t\t\t<div class=\"elementor-element elementor-element-be3a0a4 elementor-widget elementor-widget-text-editor\" data-id=\"be3a0a4\" data-element_type=\"widget\" data-e-type=\"widget\" data-widget_type=\"text-editor.default\">\n\t\t\t\t\t\t\t\t\t<p data-start=\"24\" data-end=\"536\"><b>TRANSCAN LOGISTIQUE<\/b> est la filiale sp\u00e9cialis\u00e9e dans le stockage et la gestion logistique des marchandises. Implant\u00e9e sur la principale zone industrielle des Alpes-Maritimes ainsi que sur la zone du PAL Saint-Isidore, elle dispose d\u2019importantes capacit\u00e9s d\u2019entreposage, repr\u00e9sentant pr\u00e8s de 90 000 m\u00b2 dans le d\u00e9partement. Gr\u00e2ce \u00e0 ces infrastructures, l\u2019entreprise figure parmi les acteurs logistiques majeurs du territoire et accompagne ses clients dans la gestion et l\u2019optimisation de leurs flux de marchandises.<\/p><p data-start=\"538\" data-end=\"957\">La filiale propose des prestations logistiques sur mesure, telles que la pr\u00e9paration de commandes (palette, colis ou unit\u00e9), des op\u00e9rations de manutention sp\u00e9cifiques comme le co-packing, l\u2019\u00e9tiquetage ou le montage de kits, ainsi que le d\u00e9potage de conteneurs avec tri, contr\u00f4le et mise sur palette.\u00a0<\/p><p data-start=\"959\" data-end=\"1426\" data-is-last-node=\"\" data-is-only-node=\"\">Les \u00e9quipes analysent les besoins et contraintes de chaque client afin de proposer des solutions adapt\u00e9es et efficaces.<\/p><p data-start=\"959\" data-end=\"1426\" data-is-last-node=\"\" data-is-only-node=\"\">Les marchandises sont stock\u00e9es dans des entrep\u00f4ts s\u00e9curis\u00e9s \u00e9quip\u00e9s de syst\u00e8mes d\u2019alarme et de vid\u00e9osurveillance fonctionnant 24h\/24 et 7j\/7. <b>TRANSCAN LOGISTIQUE<\/b> dispose \u00e9galement d\u2019un syst\u00e8me informatique performant permettant aux clients d\u2019acc\u00e9der \u00e0 leurs stocks en temps r\u00e9el. Enfin, l\u2019entreprise s\u2019inscrit dans une d\u00e9marche responsable en participant \u00e0 des actions de recyclage et de valorisation des d\u00e9chets en partenariat avec le Club des Entreprises de Carros.<\/p>\t\t\t\t\t\t\t\t<\/div>\n\t\t\t\t\t\t\t\t\t<div data-id=\"e4df4c9\" data-interaction-id=\"e4df4c9\" data-e-type=\"e-youtube\"  class=\"e-youtube-base\" data-e-type=\"widget\" data-id=\"e4df4c9\" data-settings=\"&#x7B;&quot;source&quot;&#x3A;&quot;https&#x3A;&#x5C;&#x2F;&#x5C;&#x2F;www.youtube.com&#x5C;&#x2F;watch&#x3F;v&#x3D;r5N4WR5-OKU&quot;,&quot;autoplay&quot;&#x3A;false,&quot;mute&quot;&#x3A;false,&quot;controls&quot;&#x3A;true,&quot;cc_load_policy&quot;&#x3A;false,&quot;loop&quot;&#x3A;false,&quot;rel&quot;&#x3A;true,&quot;start&quot;&#x3A;null,&quot;end&quot;&#x3A;null,&quot;privacy&quot;&#x3A;false,&quot;lazyload&quot;&#x3A;false&#x7D;\"><\/div>\n\t\t\t\t<\/div>\n\t\t<div class=\"elementor-element elementor-element-89872e5 e-con-full e-flex e-con e-child\" data-id=\"89872e5\" data-element_type=\"container\" data-e-type=\"container\">\n\t\t\t\t<div class=\"elementor-element elementor-element-a248388 elementor-widget elementor-widget-image\" data-id=\"a248388\" data-element_type=\"widget\" data-e-type=\"widget\" data-widget_type=\"image.default\">\n\t\t\t\t\t\t\t\t\t\t\t\t\t\t\t<img loading=\"lazy\" decoding=\"async\" width=\"595\" height=\"137\" src=\"https:\/\/preprod.transcan.fr\/wp-content\/uploads\/2026\/03\/LOGO-ECOMMERCE-WEB-e1774535033130.png\" class=\"attachment-large size-large wp-image-2143\" alt=\"\" srcset=\"https:\/\/preprod.transcan.fr\/wp-content\/uploads\/2026\/03\/LOGO-ECOMMERCE-WEB-e1774535033130.png 595w, https:\/\/preprod.transcan.fr\/wp-content\/uploads\/2026\/03\/LOGO-ECOMMERCE-WEB-e1774535033130-300x69.png 300w\" sizes=\"(max-width: 595px) 100vw, 595px\" \/>\t\t\t\t\t\t\t\t\t\t\t\t\t\t\t<\/div>\n\t\t\t\t<div class=\"elementor-element elementor-element-87a6af2 elementor-widget elementor-widget-text-editor\" data-id=\"87a6af2\" data-element_type=\"widget\" data-e-type=\"widget\" data-widget_type=\"text-editor.default\">\n\t\t\t\t\t\t\t\t\t<h2 class=\"elementor-heading-title elementor-size-default elementor-inline-editing pen\" contenteditable=\"true\" data-elementor-setting-key=\"title\" data-pen-placeholder=\"\u00c9crivez ici...\">Le saviez-vous ?\u200b<\/h2>\t\t\t\t\t\t\t\t<\/div>\n\t\t\t\t<div class=\"elementor-element elementor-element-1cf70dd elementor-widget elementor-widget-text-editor\" data-id=\"1cf70dd\" data-element_type=\"widget\" data-e-type=\"widget\" data-widget_type=\"text-editor.default\">\n\t\t\t\t\t\t\t\t\t<p data-start=\"209\" data-end=\"388\">Dans le e-commerce, tout commence bien avant que votre client ne clique sur \u201cCommander\u201d.<br data-start=\"297\" data-end=\"300\" \/>Avant la confirmation, avant l\u2019exp\u00e9dition, avant m\u00eame l\u2019emballage\u2026 il y a la logistique.<\/p><p data-start=\"390\" data-end=\"577\">La filiale E-commerce de Transcan intervient dans l\u2019ombre pour assurer la pr\u00e9paration, l\u2019exp\u00e9dition et la livraison de vos produits, avec une exigence de pr\u00e9cision et de rapidit\u00e9 absolue.<\/p><p data-start=\"579\" data-end=\"692\">Nous proposons des solutions logistiques compl\u00e8tes, adapt\u00e9es aux contraintes sp\u00e9cifiques du commerce en ligne :<\/p><ul data-start=\"694\" data-end=\"1030\"><li data-section-id=\"1711lij\" data-start=\"694\" data-end=\"739\">R\u00e9ception, stockage et gestion des stocks<\/li><li data-section-id=\"1c4cane\" data-start=\"740\" data-end=\"796\">Pr\u00e9paration de commandes et conditionnement optimis\u00e9<\/li><li data-section-id=\"rh0kpi\" data-start=\"797\" data-end=\"838\">Gestion des flux entrants et sortants<\/li><li data-section-id=\"hmeyv3\" data-start=\"839\" data-end=\"911\">Suivi des d\u00e9lais d\u2019exp\u00e9dition et coordination avec les transporteurs<\/li><li data-section-id=\"yk0eek\" data-start=\"912\" data-end=\"978\">Livraison rapide et s\u00e9curis\u00e9e, avec tra\u00e7abilit\u00e9 \u00e0 chaque \u00e9tape<\/li><li data-section-id=\"qzexbj\" data-start=\"979\" data-end=\"1030\">Gestion des retours et optimisation des process<\/li><\/ul><div>\u00a0<\/div><p><span style=\"font-size: 16px;\">Chaque op\u00e9ration est pens\u00e9e pour offrir une exp\u00e9rience client fluide et fiable, o\u00f9 la r\u00e9activit\u00e9 et la qualit\u00e9 de service sont essentielles.<\/span><\/p><p data-start=\"1174\" data-end=\"1333\">Nos \u00e9quipes s\u2019adaptent aux volumes fluctuants et aux pics d\u2019activit\u00e9, qu\u2019il s\u2019agisse de commandes quotidiennes ou de campagnes promotionnelles exceptionnelles.<\/p><p data-start=\"1335\" data-end=\"1450\">Parce que dans le e-commerce, chaque seconde compte : la bonne commande doit arriver au bon endroit, au bon moment.<\/p><p data-start=\"1452\" data-end=\"1537\"><strong data-start=\"1452\" data-end=\"1535\">Nous travaillons dans l\u2019ombre, pour que vos clients soient toujours satisfaits.<\/strong><\/p>\t\t\t\t\t\t\t\t<\/div>\n\t\t\t\t<div class=\"elementor-element elementor-element-2e5cb9c elementor-widget elementor-widget-text-editor\" data-id=\"2e5cb9c\" data-element_type=\"widget\" data-e-type=\"widget\" data-widget_type=\"text-editor.default\">\n\t\t\t\t\t\t\t\t\t<p><b>TRANSCAN E-COMMERCE<\/b> est la filiale sp\u00e9cialis\u00e9e dans le stockage et la pr\u00e9paration de commandes pour les entreprises de vente en ligne. Afin de r\u00e9pondre au d\u00e9veloppement du commerce digital, un espace d\u00e9di\u00e9 a \u00e9t\u00e9 mis en place pour accompagner les e-commer\u00e7ants dans la gestion logistique de leurs activit\u00e9s. Cette filiale propose des solutions d\u2019externalisation compl\u00e8tes permettant aux clients de se concentrer sur leur c\u0153ur de m\u00e9tier. Des \u00e9quipes form\u00e9es sp\u00e9cifiquement assurent la pr\u00e9paration et l\u2019exp\u00e9dition des commandes dans le respect des d\u00e9lais et des exigences des clients.<\/p><p><span style=\"font-style: inherit; font-weight: inherit;\">Gr\u00e2ce \u00e0 des partenaires sp\u00e9cialis\u00e9s, <\/span><strong style=\"font-style: inherit;\">TRANSCAN E-COMMERCE<\/strong><span style=\"font-style: inherit; font-weight: inherit;\"> propose \u00e9galement des solutions d\u2019exp\u00e9dition adapt\u00e9es en BtoB et en BtoC. Les clients b\u00e9n\u00e9ficient d\u2019une tra\u00e7abilit\u00e9 en temps r\u00e9el gr\u00e2ce \u00e0 des outils de suivi performants, tandis que la s\u00e9curit\u00e9 des marchandises est assur\u00e9e par des syst\u00e8mes d\u2019alarme et de vid\u00e9osurveillance fonctionnant 24h\/24 et 7j\/7, dans une d\u00e9marche int\u00e9grant \u00e9galement le recyclage et la valorisation des d\u00e9chets.<\/span><\/p>\t\t\t\t\t\t\t\t<\/div>\n\t\t\t\t<div class=\"elementor-element elementor-element-f5bcfcb elementor-widget elementor-widget-video\" data-id=\"f5bcfcb\" data-element_type=\"widget\" data-e-type=\"widget\" data-settings=\"{&quot;youtube_url&quot;:&quot;https:\\\/\\\/www.youtube.com\\\/watch?v=XNubB8IfA5I&quot;,&quot;video_type&quot;:&quot;youtube&quot;,&quot;controls&quot;:&quot;yes&quot;}\" data-widget_type=\"video.default\">\n\t\t\t\t\t\t\t<div class=\"elementor-wrapper elementor-open-inline\">\n\t\t\t<div class=\"elementor-video\"><\/div>\t\t<\/div>\n\t\t\t\t\t\t<\/div>\n\t\t\t\t<\/div>\n\t\t\t\t\t<\/div>\n\t\t\t\t<\/div>\n\t\t<div class=\"elementor-element elementor-element-d7aabef e-flex e-con-boxed e-con e-parent\" data-id=\"d7aabef\" data-element_type=\"container\" data-e-type=\"container\">\n\t\t\t\t\t<div class=\"e-con-inner\">\n\t\t\t\t<div class=\"elementor-element elementor-element-ced2ea9 elementor-widget elementor-widget-spacer\" data-id=\"ced2ea9\" data-element_type=\"widget\" data-e-type=\"widget\" data-widget_type=\"spacer.default\">\n\t\t\t\t\t\t\t<div class=\"elementor-spacer\">\n\t\t\t<div class=\"elementor-spacer-inner\"><\/div>\n\t\t<\/div>\n\t\t\t\t\t\t<\/div>\n\t\t\t\t\t<\/div>\n\t\t\t\t<\/div>\n\t\t\t\t<\/div>\n\t\t","protected":false},"excerpt":{"rendered":"<p>Stockage \u1433 Logistique &amp; E-Commerce La logistique qui livre vos promesses Solutions logistiques sur mesure pour la grande distribution, l&rsquo;industrie, les particuliers et l&rsquo;\u00e9v\u00e9nementiel, du dernier kilom\u00e8tre \u00e0 la manutention lourde. Num\u00e9ro cool 0 La filiale Stockage de Transcan joue un r\u00f4le central dans la gestion et l\u2019optimisation des flux de marchandises. Elle s\u2019appuie sur [&hellip;]<\/p>\n","protected":false},"author":1,"featured_media":0,"parent":0,"menu_order":0,"comment_status":"closed","ping_status":"closed","template":"","meta":{"footnotes":""},"class_list":["post-2260","page","type-page","status-publish","hentry"],"_links":{"self":[{"href":"https:\/\/preprod.transcan.fr\/index.php?rest_route=\/wp\/v2\/pages\/2260","targetHints":{"allow":["GET"]}}],"collection":[{"href":"https:\/\/preprod.transcan.fr\/index.php?rest_route=\/wp\/v2\/pages"}],"about":[{"href":"https:\/\/preprod.transcan.fr\/index.php?rest_route=\/wp\/v2\/types\/page"}],"author":[{"embeddable":true,"href":"https:\/\/preprod.transcan.fr\/index.php?rest_route=\/wp\/v2\/users\/1"}],"replies":[{"embeddable":true,"href":"https:\/\/preprod.transcan.fr\/index.php?rest_route=%2Fwp%2Fv2%2Fcomments&post=2260"}],"version-history":[{"count":55,"href":"https:\/\/preprod.transcan.fr\/index.php?rest_route=\/wp\/v2\/pages\/2260\/revisions"}],"predecessor-version":[{"id":2980,"href":"https:\/\/preprod.transcan.fr\/index.php?rest_route=\/wp\/v2\/pages\/2260\/revisions\/2980"}],"wp:attachment":[{"href":"https:\/\/preprod.transcan.fr\/index.php?rest_route=%2Fwp%2Fv2%2Fmedia&parent=2260"}],"curies":[{"name":"wp","href":"https:\/\/api.w.org\/{rel}","templated":true}]}}