{"id":2272,"date":"2026-03-27T09:14:46","date_gmt":"2026-03-27T09:14:46","guid":{"rendered":"https:\/\/preprod.transcan.fr\/?page_id=2272"},"modified":"2026-04-22T07:53:55","modified_gmt":"2026-04-22T07:53:55","slug":"nos-filiales","status":"publish","type":"page","link":"https:\/\/preprod.transcan.fr\/?page_id=2272","title":{"rendered":"Nos filiales"},"content":{"rendered":"\t\t<div data-elementor-type=\"wp-page\" data-elementor-id=\"2272\" class=\"elementor elementor-2272\" data-elementor-post-type=\"page\">\n\t\t\t\t<div class=\"elementor-element elementor-element-46d6b27 e-flex e-con-boxed e-con e-parent\" data-id=\"46d6b27\" data-element_type=\"container\" data-e-type=\"container\" data-settings=\"{&quot;background_background&quot;:&quot;classic&quot;}\">\n\t\t\t\t\t<div class=\"e-con-inner\">\n\t\t\t\t<div class=\"elementor-element elementor-element-9a98a5f elementor-widget elementor-widget-spacer\" data-id=\"9a98a5f\" data-element_type=\"widget\" data-e-type=\"widget\" data-widget_type=\"spacer.default\">\n\t\t\t\t\t\t\t<div class=\"elementor-spacer\">\n\t\t\t<div class=\"elementor-spacer-inner\"><\/div>\n\t\t<\/div>\n\t\t\t\t\t\t<\/div>\n\t\t\t\t<div class=\"elementor-element elementor-element-8fc77b6 elementor-widget elementor-widget-heading\" data-id=\"8fc77b6\" data-element_type=\"widget\" data-e-type=\"widget\" data-widget_type=\"heading.default\">\n\t\t\t\t\t<h1 class=\"elementor-heading-title elementor-size-default\">Nos filiales<\/h1>\t\t\t\t<\/div>\n\t\t\t\t<div class=\"elementor-element elementor-element-824f30e elementor-widget elementor-widget-heading\" data-id=\"824f30e\" data-element_type=\"widget\" data-e-type=\"widget\" data-widget_type=\"heading.default\">\n\t\t\t\t\t<h5 class=\"elementor-heading-title elementor-size-default\">Des solutions de transport et de logistique pens\u00e9es pour accompagner chaque \u00e9tape de vos flux.<\/h5>\t\t\t\t<\/div>\n\t\t\t\t\t<\/div>\n\t\t\t\t<\/div>\n\t\t<div class=\"elementor-element elementor-element-a43188f e-flex e-con-boxed e-con e-parent\" data-id=\"a43188f\" data-element_type=\"container\" data-e-type=\"container\">\n\t\t\t\t\t<div class=\"e-con-inner\">\n\t\t\t\t<div class=\"elementor-element elementor-element-1f28b97 elementor-widget elementor-widget-spacer\" data-id=\"1f28b97\" data-element_type=\"widget\" data-e-type=\"widget\" data-widget_type=\"spacer.default\">\n\t\t\t\t\t\t\t<div class=\"elementor-spacer\">\n\t\t\t<div class=\"elementor-spacer-inner\"><\/div>\n\t\t<\/div>\n\t\t\t\t\t\t<\/div>\n\t\t\t\t\t<\/div>\n\t\t\t\t<\/div>\n\t\t<div class=\"elementor-element elementor-element-5a7da8b e-flex e-con-boxed e-con e-parent\" data-id=\"5a7da8b\" data-element_type=\"container\" data-e-type=\"container\">\n\t\t\t\t\t<div class=\"e-con-inner\">\n\t\t<div class=\"elementor-element elementor-element-e4ab298 e-con-full e-flex e-con e-child\" data-id=\"e4ab298\" data-element_type=\"container\" data-e-type=\"container\">\n\t\t\t\t<div class=\"elementor-element elementor-element-c6e7bc5 elementor-widget elementor-widget-text-editor\" data-id=\"c6e7bc5\" data-element_type=\"widget\" data-e-type=\"widget\" data-widget_type=\"text-editor.default\">\n\t\t\t\t\t\t\t\t\t<p data-start=\"317\" data-end=\"712\">Chez <span class=\"hover:entity-accent entity-underline inline cursor-pointer align-baseline\"><span class=\"whitespace-normal\">Transcan<\/span><\/span>, nous proposons une gamme compl\u00e8te d\u2019activit\u00e9s afin de r\u00e9pondre aux besoins vari\u00e9s de nos clients, qu\u2019ils soient industriels, commer\u00e7ants ou acteurs de la grande distribution. Notre expertise s\u2019appuie sur une organisation flexible et des \u00e9quipes sp\u00e9cialis\u00e9es dans chaque domaine du transport et de la logistique.<\/p><p data-start=\"714\" data-end=\"1096\">Nous assurons le <strong data-start=\"731\" data-end=\"768\">transport routier de marchandises<\/strong>, avec des solutions adapt\u00e9es aux flux locaux, r\u00e9gionaux et nationaux, permettant de garantir une livraison fiable et efficace. Notre flotte et notre exp\u00e9rience nous permettent de g\u00e9rer diff\u00e9rents types de marchandises et d\u2019organiser des tourn\u00e9es d\u00e9di\u00e9es selon les besoins de nos clients.<\/p>\t\t\t\t\t\t\t\t<\/div>\n\t\t\t\t<\/div>\n\t\t<div class=\"elementor-element elementor-element-7c248e5 e-con-full e-flex e-con e-child\" data-id=\"7c248e5\" data-element_type=\"container\" data-e-type=\"container\">\n\t\t\t\t<div class=\"elementor-element elementor-element-273c739 elementor-widget elementor-widget-text-editor\" data-id=\"273c739\" data-element_type=\"widget\" data-e-type=\"widget\" data-widget_type=\"text-editor.default\">\n\t\t\t\t\t\t\t\t\t<p data-start=\"1449\" data-end=\"1786\">Nous proposons aussi des solutions de <strong data-start=\"1487\" data-end=\"1518\">logistique et d\u2019entreposage<\/strong>, avec de nombreux espaces de stockage d\u00e9di\u00e9s \u00e0 la gestion des palettes et des colis. Ces infrastructures permettent d\u2019optimiser la gestion des flux et d\u2019accompagner les entreprises dans l\u2019organisation de leur cha\u00eene logistique.<\/p><p data-start=\"1788\" data-end=\"2172\">Enfin, nos services comprennent la <strong data-start=\"1823\" data-end=\"1857\">livraison du dernier kilom\u00e8tre<\/strong>, la <strong data-start=\"1862\" data-end=\"1908\">pr\u00e9paration de commandes pour l\u2019e-commerce<\/strong> ainsi que l\u2019<strong data-start=\"1921\" data-end=\"1936\">affr\u00e8tement<\/strong>, qui permet d\u2019organiser des transports sur mesure gr\u00e2ce \u00e0 un r\u00e9seau de partenaires fiables. Cette diversit\u00e9 d\u2019activit\u00e9s nous permet d\u2019apporter des solutions compl\u00e8tes et adapt\u00e9es \u00e0 chaque projet.<\/p>\t\t\t\t\t\t\t\t<\/div>\n\t\t\t\t<\/div>\n\t\t\t\t\t<\/div>\n\t\t\t\t<\/div>\n\t\t<div class=\"elementor-element elementor-element-f9a0393 e-flex e-con-boxed e-con e-parent\" data-id=\"f9a0393\" data-element_type=\"container\" data-e-type=\"container\">\n\t\t\t\t\t<div class=\"e-con-inner\">\n\t\t\t\t<div class=\"elementor-element elementor-element-ac67940 elementor-widget elementor-widget-spacer\" data-id=\"ac67940\" data-element_type=\"widget\" data-e-type=\"widget\" data-widget_type=\"spacer.default\">\n\t\t\t\t\t\t\t<div class=\"elementor-spacer\">\n\t\t\t<div class=\"elementor-spacer-inner\"><\/div>\n\t\t<\/div>\n\t\t\t\t\t\t<\/div>\n\t\t\t\t\t<\/div>\n\t\t\t\t<\/div>\n\t\t<div class=\"elementor-element elementor-element-5941b78 e-flex e-con-boxed e-con e-parent\" data-id=\"5941b78\" data-element_type=\"container\" data-e-type=\"container\">\n\t\t\t\t\t<div class=\"e-con-inner\">\n\t\t<div class=\"elementor-element elementor-element-2ce9c1c e-con-full e-flex e-con e-child\" data-id=\"2ce9c1c\" data-element_type=\"container\" data-e-type=\"container\">\n\t\t\t\t<div class=\"elementor-element elementor-element-adb7c93 elementor-cta--skin-classic elementor-animated-content elementor-bg-transform elementor-bg-transform-zoom-in elementor-widget elementor-widget-call-to-action\" data-id=\"adb7c93\" data-element_type=\"widget\" data-e-type=\"widget\" data-widget_type=\"call-to-action.default\">\n\t\t\t\t\t\t\t<div class=\"elementor-cta\">\n\t\t\t\t\t<div class=\"elementor-cta__bg-wrapper\">\n\t\t\t\t<div class=\"elementor-cta__bg elementor-bg\" style=\"background-image: url(https:\/\/preprod.transcan.fr\/wp-content\/uploads\/2026\/upload02_03\/P1322991-1024x577.jpg);\" role=\"img\" aria-label=\"P1322991\"><\/div>\n\t\t\t\t<div class=\"elementor-cta__bg-overlay\"><\/div>\n\t\t\t<\/div>\n\t\t\t\t\t\t\t<div class=\"elementor-cta__content\">\n\t\t\t\t\n\t\t\t\t\t\t\t\t\t<h2 class=\"elementor-cta__title elementor-cta__content-item elementor-content-item\">\n\t\t\t\t\t\tTransport\t\t\t\t\t<\/h2>\n\t\t\t\t\n\t\t\t\t\t\t\t\t\t<div class=\"elementor-cta__description elementor-cta__content-item elementor-content-item\">\n\t\t\t\t\t\tLa performance logistique, au c\u0153ur de la route.\t\t\t\t\t<\/div>\n\t\t\t\t\n\t\t\t\t\t\t\t\t\t<div class=\"elementor-cta__button-wrapper elementor-cta__content-item elementor-content-item \">\n\t\t\t\t\t<a class=\"elementor-cta__button elementor-button elementor-size-\" href=\"https:\/\/preprod.transcan.fr\/?page_id=2267\">\n\t\t\t\t\t\tD\u00e9couvrir\t\t\t\t\t<\/a>\n\t\t\t\t\t<\/div>\n\t\t\t\t\t\t\t<\/div>\n\t\t\t\t\t\t<\/div>\n\t\t\t\t\t\t<\/div>\n\t\t\t\t<\/div>\n\t\t<div class=\"elementor-element elementor-element-5d014f3 e-con-full e-flex e-con e-child\" data-id=\"5d014f3\" data-element_type=\"container\" data-e-type=\"container\">\n\t\t\t\t<div class=\"elementor-element elementor-element-e086cf1 elementor-cta--skin-classic elementor-animated-content elementor-bg-transform elementor-bg-transform-zoom-in elementor-widget elementor-widget-call-to-action\" data-id=\"e086cf1\" data-element_type=\"widget\" data-e-type=\"widget\" data-widget_type=\"call-to-action.default\">\n\t\t\t\t\t\t\t<div class=\"elementor-cta\">\n\t\t\t\t\t<div class=\"elementor-cta__bg-wrapper\">\n\t\t\t\t<div class=\"elementor-cta__bg elementor-bg\" style=\"background-image: url(https:\/\/preprod.transcan.fr\/wp-content\/uploads\/2026\/upload02_03\/P1422356-1024x577.jpg);\" role=\"img\" aria-label=\"P1422356\"><\/div>\n\t\t\t\t<div class=\"elementor-cta__bg-overlay\"><\/div>\n\t\t\t<\/div>\n\t\t\t\t\t\t\t<div class=\"elementor-cta__content\">\n\t\t\t\t\n\t\t\t\t\t\t\t\t\t<h2 class=\"elementor-cta__title elementor-cta__content-item elementor-content-item\">\n\t\t\t\t\t\tDistribution\t\t\t\t\t<\/h2>\n\t\t\t\t\n\t\t\t\t\t\t\t\t\t<div class=\"elementor-cta__description elementor-cta__content-item elementor-content-item\">\n\t\t\t\t\t\tLa livraison qui respecte vos d\u00e9lais et vos exigences.\t\t\t\t\t<\/div>\n\t\t\t\t\n\t\t\t\t\t\t\t\t\t<div class=\"elementor-cta__button-wrapper elementor-cta__content-item elementor-content-item \">\n\t\t\t\t\t<a class=\"elementor-cta__button elementor-button elementor-size-\" href=\"https:\/\/preprod.transcan.fr\/?page_id=2279\">\n\t\t\t\t\t\tD\u00e9couvrir\t\t\t\t\t<\/a>\n\t\t\t\t\t<\/div>\n\t\t\t\t\t\t\t<\/div>\n\t\t\t\t\t\t<\/div>\n\t\t\t\t\t\t<\/div>\n\t\t\t\t<\/div>\n\t\t\t\t\t<\/div>\n\t\t\t\t<\/div>\n\t\t<div class=\"elementor-element elementor-element-1277e68 e-flex e-con-boxed e-con e-parent\" data-id=\"1277e68\" data-element_type=\"container\" data-e-type=\"container\">\n\t\t\t\t\t<div class=\"e-con-inner\">\n\t\t\t\t<div class=\"elementor-element elementor-element-c7b5206 elementor-widget elementor-widget-spacer\" data-id=\"c7b5206\" data-element_type=\"widget\" data-e-type=\"widget\" data-widget_type=\"spacer.default\">\n\t\t\t\t\t\t\t<div class=\"elementor-spacer\">\n\t\t\t<div class=\"elementor-spacer-inner\"><\/div>\n\t\t<\/div>\n\t\t\t\t\t\t<\/div>\n\t\t\t\t\t<\/div>\n\t\t\t\t<\/div>\n\t\t<div class=\"elementor-element elementor-element-1379298 e-flex e-con-boxed e-con e-parent\" data-id=\"1379298\" data-element_type=\"container\" data-e-type=\"container\">\n\t\t\t\t\t<div class=\"e-con-inner\">\n\t\t<div class=\"elementor-element elementor-element-1ef8865 e-con-full e-flex e-con e-child\" data-id=\"1ef8865\" data-element_type=\"container\" data-e-type=\"container\">\n\t\t\t\t<div class=\"elementor-element elementor-element-9ffe61a elementor-cta--skin-classic elementor-animated-content elementor-bg-transform elementor-bg-transform-zoom-in elementor-widget elementor-widget-call-to-action\" data-id=\"9ffe61a\" data-element_type=\"widget\" data-e-type=\"widget\" data-widget_type=\"call-to-action.default\">\n\t\t\t\t\t\t\t<div class=\"elementor-cta\">\n\t\t\t\t\t<div class=\"elementor-cta__bg-wrapper\">\n\t\t\t\t<div class=\"elementor-cta__bg elementor-bg\" style=\"background-image: url(https:\/\/preprod.transcan.fr\/wp-content\/uploads\/2026\/04\/image-20260416-080525-0706a8b5-1024x576.jpeg);\" role=\"img\" aria-label=\"image-20260416-080525-0706a8b5\"><\/div>\n\t\t\t\t<div class=\"elementor-cta__bg-overlay\"><\/div>\n\t\t\t<\/div>\n\t\t\t\t\t\t\t<div class=\"elementor-cta__content\">\n\t\t\t\t\n\t\t\t\t\t\t\t\t\t<h2 class=\"elementor-cta__title elementor-cta__content-item elementor-content-item\">\n\t\t\t\t\t\tStockage\t\t\t\t\t<\/h2>\n\t\t\t\t\n\t\t\t\t\t\t\t\t\t<div class=\"elementor-cta__description elementor-cta__content-item elementor-content-item\">\n\t\t\t\t\t\tL\u2019efficacit\u00e9 logistique au service de votre performance.\t\t\t\t\t<\/div>\n\t\t\t\t\n\t\t\t\t\t\t\t\t\t<div class=\"elementor-cta__button-wrapper elementor-cta__content-item elementor-content-item \">\n\t\t\t\t\t<a class=\"elementor-cta__button elementor-button elementor-size-\" href=\"https:\/\/preprod.transcan.fr\/?page_id=2260\">\n\t\t\t\t\t\tD\u00e9couvrir\t\t\t\t\t<\/a>\n\t\t\t\t\t<\/div>\n\t\t\t\t\t\t\t<\/div>\n\t\t\t\t\t\t<\/div>\n\t\t\t\t\t\t<\/div>\n\t\t\t\t<\/div>\n\t\t<div class=\"elementor-element elementor-element-198289e e-con-full e-flex e-con e-child\" data-id=\"198289e\" data-element_type=\"container\" data-e-type=\"container\">\n\t\t\t\t<div class=\"elementor-element elementor-element-e44a917 elementor-cta--skin-classic elementor-animated-content elementor-bg-transform elementor-bg-transform-zoom-in elementor-widget elementor-widget-call-to-action\" data-id=\"e44a917\" data-element_type=\"widget\" data-e-type=\"widget\" data-widget_type=\"call-to-action.default\">\n\t\t\t\t\t\t\t<div class=\"elementor-cta\">\n\t\t\t\t\t<div class=\"elementor-cta__bg-wrapper\">\n\t\t\t\t<div class=\"elementor-cta__bg elementor-bg\" style=\"background-image: url(https:\/\/preprod.transcan.fr\/wp-content\/uploads\/2026\/upload02_03\/P1466097-1024x577.jpg);\" role=\"img\" aria-label=\"P1466097\"><\/div>\n\t\t\t\t<div class=\"elementor-cta__bg-overlay\"><\/div>\n\t\t\t<\/div>\n\t\t\t\t\t\t\t<div class=\"elementor-cta__content\">\n\t\t\t\t\n\t\t\t\t\t\t\t\t\t<h2 class=\"elementor-cta__title elementor-cta__content-item elementor-content-item\">\n\t\t\t\t\t\tTransports Galot\t\t\t\t\t<\/h2>\n\t\t\t\t\n\t\t\t\t\t\t\t\t\t<div class=\"elementor-cta__description elementor-cta__content-item elementor-content-item\">\n\t\t\t\t\t\tVotre logistique, notre expertise grassoise.\t\t\t\t\t<\/div>\n\t\t\t\t\n\t\t\t\t\t\t\t\t\t<div class=\"elementor-cta__button-wrapper elementor-cta__content-item elementor-content-item \">\n\t\t\t\t\t<a class=\"elementor-cta__button elementor-button elementor-size-\" href=\"https:\/\/preprod.transcan.fr\/?page_id=580\">\n\t\t\t\t\t\tD\u00e9couvrir\t\t\t\t\t<\/a>\n\t\t\t\t\t<\/div>\n\t\t\t\t\t\t\t<\/div>\n\t\t\t\t\t\t<\/div>\n\t\t\t\t\t\t<\/div>\n\t\t\t\t<\/div>\n\t\t\t\t\t<\/div>\n\t\t\t\t<\/div>\n\t\t<div class=\"elementor-element elementor-element-008126e e-flex e-con-boxed e-con e-parent\" data-id=\"008126e\" data-element_type=\"container\" data-e-type=\"container\">\n\t\t\t\t\t<div class=\"e-con-inner\">\n\t\t\t\t<div class=\"elementor-element elementor-element-1c3b85f elementor-widget elementor-widget-spacer\" data-id=\"1c3b85f\" data-element_type=\"widget\" data-e-type=\"widget\" data-widget_type=\"spacer.default\">\n\t\t\t\t\t\t\t<div class=\"elementor-spacer\">\n\t\t\t<div class=\"elementor-spacer-inner\"><\/div>\n\t\t<\/div>\n\t\t\t\t\t\t<\/div>\n\t\t\t\t\t<\/div>\n\t\t\t\t<\/div>\n\t\t<div class=\"elementor-element elementor-element-2615198 e-flex e-con-boxed e-con e-parent\" data-id=\"2615198\" data-element_type=\"container\" data-e-type=\"container\" data-settings=\"{&quot;background_background&quot;:&quot;classic&quot;}\">\n\t\t\t\t\t<div class=\"e-con-inner\">\n\t\t<div class=\"elementor-element elementor-element-9fc8b1f e-con-full e-flex e-con e-child\" data-id=\"9fc8b1f\" data-element_type=\"container\" data-e-type=\"container\">\n\t\t\t\t<div class=\"elementor-element elementor-element-fadb9ce elementor-widget elementor-widget-spacer\" data-id=\"fadb9ce\" data-element_type=\"widget\" data-e-type=\"widget\" data-widget_type=\"spacer.default\">\n\t\t\t\t\t\t\t<div class=\"elementor-spacer\">\n\t\t\t<div class=\"elementor-spacer-inner\"><\/div>\n\t\t<\/div>\n\t\t\t\t\t\t<\/div>\n\t\t\t\t<div class=\"elementor-element elementor-element-7a3e602 elementor-widget elementor-widget-heading\" data-id=\"7a3e602\" data-element_type=\"widget\" data-e-type=\"widget\" data-widget_type=\"heading.default\">\n\t\t\t\t\t<h2 class=\"elementor-heading-title elementor-size-default\">Contactez-nous pour concr\u00e9tiser votre projet\u200b<\/h2>\t\t\t\t<\/div>\n\t\t\t\t<div class=\"elementor-element elementor-element-2027ec7 elementor-widget elementor-widget-text-editor\" data-id=\"2027ec7\" data-element_type=\"widget\" data-e-type=\"widget\" data-widget_type=\"text-editor.default\">\n\t\t\t\t\t\t\t\t\t<p>Simplifiez votre transport et votre logistique avec Transcan.<\/p>\t\t\t\t\t\t\t\t<\/div>\n\t\t\t\t<div class=\"elementor-element elementor-element-40862e5 elementor-invisible elementor-widget elementor-widget-button\" data-id=\"40862e5\" data-element_type=\"widget\" data-e-type=\"widget\" data-settings=\"{&quot;_animation&quot;:&quot;fadeInDown&quot;}\" data-widget_type=\"button.default\">\n\t\t\t\t\t\t\t\t\t\t<a class=\"elementor-button elementor-button-link elementor-size-sm\" href=\"https:\/\/preprod.transcan.fr\/?page_id=443\">\n\t\t\t\t\t\t<span class=\"elementor-button-content-wrapper\">\n\t\t\t\t\t\t\t\t\t<span class=\"elementor-button-text\">Contactez-nous<\/span>\n\t\t\t\t\t<\/span>\n\t\t\t\t\t<\/a>\n\t\t\t\t\t\t\t\t<\/div>\n\t\t\t\t<div class=\"elementor-element elementor-element-f9aee3c elementor-widget elementor-widget-spacer\" data-id=\"f9aee3c\" data-element_type=\"widget\" data-e-type=\"widget\" data-widget_type=\"spacer.default\">\n\t\t\t\t\t\t\t<div class=\"elementor-spacer\">\n\t\t\t<div class=\"elementor-spacer-inner\"><\/div>\n\t\t<\/div>\n\t\t\t\t\t\t<\/div>\n\t\t\t\t<\/div>\n\t\t<div class=\"elementor-element elementor-element-eb7aff9 e-con-full e-flex e-con e-child\" data-id=\"eb7aff9\" data-element_type=\"container\" data-e-type=\"container\">\n\t\t\t\t<\/div>\n\t\t\t\t\t<\/div>\n\t\t\t\t<\/div>\n\t\t\t\t<\/div>\n\t\t","protected":false},"excerpt":{"rendered":"<p>Nos filiales Des solutions de transport et de logistique pens\u00e9es pour accompagner chaque \u00e9tape de vos flux. Chez Transcan, nous proposons une gamme compl\u00e8te d\u2019activit\u00e9s afin de r\u00e9pondre aux besoins vari\u00e9s de nos clients, qu\u2019ils soient industriels, commer\u00e7ants ou acteurs de la grande distribution. Notre expertise s\u2019appuie sur une organisation flexible et des \u00e9quipes sp\u00e9cialis\u00e9es [&hellip;]<\/p>\n","protected":false},"author":1,"featured_media":0,"parent":0,"menu_order":0,"comment_status":"closed","ping_status":"closed","template":"","meta":{"footnotes":""},"class_list":["post-2272","page","type-page","status-publish","hentry"],"_links":{"self":[{"href":"https:\/\/preprod.transcan.fr\/index.php?rest_route=\/wp\/v2\/pages\/2272","targetHints":{"allow":["GET"]}}],"collection":[{"href":"https:\/\/preprod.transcan.fr\/index.php?rest_route=\/wp\/v2\/pages"}],"about":[{"href":"https:\/\/preprod.transcan.fr\/index.php?rest_route=\/wp\/v2\/types\/page"}],"author":[{"embeddable":true,"href":"https:\/\/preprod.transcan.fr\/index.php?rest_route=\/wp\/v2\/users\/1"}],"replies":[{"embeddable":true,"href":"https:\/\/preprod.transcan.fr\/index.php?rest_route=%2Fwp%2Fv2%2Fcomments&post=2272"}],"version-history":[{"count":22,"href":"https:\/\/preprod.transcan.fr\/index.php?rest_route=\/wp\/v2\/pages\/2272\/revisions"}],"predecessor-version":[{"id":2788,"href":"https:\/\/preprod.transcan.fr\/index.php?rest_route=\/wp\/v2\/pages\/2272\/revisions\/2788"}],"wp:attachment":[{"href":"https:\/\/preprod.transcan.fr\/index.php?rest_route=%2Fwp%2Fv2%2Fmedia&parent=2272"}],"curies":[{"name":"wp","href":"https:\/\/api.w.org\/{rel}","templated":true}]}}