{"id":2382,"date":"2026-03-27T13:08:10","date_gmt":"2026-03-27T13:08:10","guid":{"rendered":"https:\/\/preprod.transcan.fr\/?page_id=2382"},"modified":"2026-04-22T15:05:38","modified_gmt":"2026-04-22T15:05:38","slug":"elementor-2382","status":"publish","type":"page","link":"https:\/\/preprod.transcan.fr\/?page_id=2382","title":{"rendered":"Espace clients"},"content":{"rendered":"\t\t<div data-elementor-type=\"wp-page\" data-elementor-id=\"2382\" class=\"elementor elementor-2382\" data-elementor-post-type=\"page\">\n\t\t\t\t<div class=\"elementor-element elementor-element-084198c e-flex e-con-boxed e-con e-parent\" data-id=\"084198c\" data-element_type=\"container\" data-e-type=\"container\" data-settings=\"{&quot;background_background&quot;:&quot;classic&quot;}\">\n\t\t\t\t\t<div class=\"e-con-inner\">\n\t\t\t\t\t<\/div>\n\t\t\t\t<\/div>\n\t\t<div class=\"elementor-element elementor-element-fe95816 e-flex e-con-boxed e-con e-parent\" data-id=\"fe95816\" data-element_type=\"container\" data-e-type=\"container\" data-settings=\"{&quot;background_background&quot;:&quot;classic&quot;}\">\n\t\t\t\t\t<div class=\"e-con-inner\">\n\t\t\t\t<div class=\"elementor-element elementor-element-2e73759 elementor-widget elementor-widget-spacer\" data-id=\"2e73759\" data-element_type=\"widget\" data-e-type=\"widget\" data-widget_type=\"spacer.default\">\n\t\t\t\t\t\t\t<div class=\"elementor-spacer\">\n\t\t\t<div class=\"elementor-spacer-inner\"><\/div>\n\t\t<\/div>\n\t\t\t\t\t\t<\/div>\n\t\t\t\t\t<\/div>\n\t\t\t\t<\/div>\n\t\t<div class=\"elementor-element elementor-element-f1252f6 e-flex e-con-boxed e-con e-parent\" data-id=\"f1252f6\" data-element_type=\"container\" data-e-type=\"container\">\n\t\t\t\t\t<div class=\"e-con-inner\">\n\t\t\t\t<div class=\"elementor-element elementor-element-d49285b elementor-widget elementor-widget-spacer\" data-id=\"d49285b\" data-element_type=\"widget\" data-e-type=\"widget\" data-widget_type=\"spacer.default\">\n\t\t\t\t\t\t\t<div class=\"elementor-spacer\">\n\t\t\t<div class=\"elementor-spacer-inner\"><\/div>\n\t\t<\/div>\n\t\t\t\t\t\t<\/div>\n\t\t\t\t\t<\/div>\n\t\t\t\t<\/div>\n\t\t<div class=\"elementor-element elementor-element-cacff62 e-flex e-con-boxed e-con e-parent\" data-id=\"cacff62\" data-element_type=\"container\" data-e-type=\"container\" data-settings=\"{&quot;background_background&quot;:&quot;classic&quot;}\">\n\t\t\t\t\t<div class=\"e-con-inner\">\n\t\t<div class=\"elementor-element elementor-element-ee26bfa e-con-full e-flex e-con e-child\" data-id=\"ee26bfa\" data-element_type=\"container\" data-e-type=\"container\">\n\t\t\t\t<div class=\"elementor-element elementor-element-7d2756d elementor-widget elementor-widget-spacer\" data-id=\"7d2756d\" data-element_type=\"widget\" data-e-type=\"widget\" data-widget_type=\"spacer.default\">\n\t\t\t\t\t\t\t<div class=\"elementor-spacer\">\n\t\t\t<div class=\"elementor-spacer-inner\"><\/div>\n\t\t<\/div>\n\t\t\t\t\t\t<\/div>\n\t\t\t\t<div class=\"elementor-element elementor-element-342f7e0 elementor-widget elementor-widget-image\" data-id=\"342f7e0\" data-element_type=\"widget\" data-e-type=\"widget\" data-widget_type=\"image.default\">\n\t\t\t\t\t\t\t\t\t\t\t\t\t\t\t<img fetchpriority=\"high\" decoding=\"async\" width=\"800\" height=\"395\" src=\"https:\/\/preprod.transcan.fr\/wp-content\/uploads\/2026\/03\/P1466046-1-scaled-e1776866222247-1024x505.jpg\" class=\"attachment-large size-large wp-image-1386\" alt=\"\" srcset=\"https:\/\/preprod.transcan.fr\/wp-content\/uploads\/2026\/03\/P1466046-1-scaled-e1776866222247-1024x505.jpg 1024w, https:\/\/preprod.transcan.fr\/wp-content\/uploads\/2026\/03\/P1466046-1-scaled-e1776866222247-300x148.jpg 300w, https:\/\/preprod.transcan.fr\/wp-content\/uploads\/2026\/03\/P1466046-1-scaled-e1776866222247-768x378.jpg 768w, https:\/\/preprod.transcan.fr\/wp-content\/uploads\/2026\/03\/P1466046-1-scaled-e1776866222247-1536x757.jpg 1536w, https:\/\/preprod.transcan.fr\/wp-content\/uploads\/2026\/03\/P1466046-1-scaled-e1776866222247-2048x1009.jpg 2048w\" sizes=\"(max-width: 800px) 100vw, 800px\" \/>\t\t\t\t\t\t\t\t\t\t\t\t\t\t\t<\/div>\n\t\t\t\t<div class=\"elementor-element elementor-element-52a51f0 elementor-widget elementor-widget-spacer\" data-id=\"52a51f0\" data-element_type=\"widget\" data-e-type=\"widget\" data-widget_type=\"spacer.default\">\n\t\t\t\t\t\t\t<div class=\"elementor-spacer\">\n\t\t\t<div class=\"elementor-spacer-inner\"><\/div>\n\t\t<\/div>\n\t\t\t\t\t\t<\/div>\n\t\t\t\t<div class=\"elementor-element elementor-element-ed43a02 elementor-widget elementor-widget-heading\" data-id=\"ed43a02\" data-element_type=\"widget\" data-e-type=\"widget\" data-widget_type=\"heading.default\">\n\t\t\t\t\t<h2 class=\"elementor-heading-title elementor-size-default\">Une offre \"multi-produits\", un service fiable et efficace<\/h2>\t\t\t\t<\/div>\n\t\t\t\t\t\n<hr class=\"e-39ed232-96cc68a e-divider-base\" data-interaction-id=\"39ed232\"  data-e-type=\"widget\" data-id=\"39ed232\" \/>\n\t\t\t\t<div class=\"elementor-element elementor-element-ef3e350 elementor-widget elementor-widget-text-editor\" data-id=\"ef3e350\" data-element_type=\"widget\" data-e-type=\"widget\" data-widget_type=\"text-editor.default\">\n\t\t\t\t\t\t\t\t\t<p>Fort d&rsquo;une exp\u00e9rience de plus de 50 ans, nous avons acquis une parfaite connaissance des axes routiers, notre r\u00e9activit\u00e9 et notre grande disponibilit\u00e9 nous permettent de faire face \u00e0 toutes vos exigences.<br \/><br \/>Parce que chaque client est unique, nous vous assurons un service personnalis\u00e9 d\u00e9di\u00e9 \u00e0 vos besoins.<br \/><br \/>Notre offre \u00ab\u00a0multi-produits\u00a0\u00bb permet de r\u00e9pondre \u00e0 vos attentes quelles que soient la quantit\u00e9 ou la fr\u00e9quence de vos envois.<br \/><br \/>Nos normes de tra\u00e7abilit\u00e9, vous garantissent un suivi des exp\u00e9ditions en temps r\u00e9el tant aupr\u00e8s de nos \u00e9quipes, qu&rsquo;aupr\u00e8s de notre r\u00e9seau de partenaires.<\/p>\t\t\t\t\t\t\t\t<\/div>\n\t\t\t\t<div class=\"elementor-element elementor-element-5060ed3 elementor-widget elementor-widget-spacer\" data-id=\"5060ed3\" data-element_type=\"widget\" data-e-type=\"widget\" data-widget_type=\"spacer.default\">\n\t\t\t\t\t\t\t<div class=\"elementor-spacer\">\n\t\t\t<div class=\"elementor-spacer-inner\"><\/div>\n\t\t<\/div>\n\t\t\t\t\t\t<\/div>\n\t\t\t\t<\/div>\n\t\t<div class=\"elementor-element elementor-element-a6353f3 e-con-full e-flex e-con e-child\" data-id=\"a6353f3\" data-element_type=\"container\" data-e-type=\"container\">\n\t\t\t\t<div class=\"elementor-element elementor-element-6f6a5b1 elementor-widget elementor-widget-spacer\" data-id=\"6f6a5b1\" data-element_type=\"widget\" data-e-type=\"widget\" data-widget_type=\"spacer.default\">\n\t\t\t\t\t\t\t<div class=\"elementor-spacer\">\n\t\t\t<div class=\"elementor-spacer-inner\"><\/div>\n\t\t<\/div>\n\t\t\t\t\t\t<\/div>\n\t\t\t\t<div class=\"elementor-element elementor-element-a209b64 elementor-widget elementor-widget-image\" data-id=\"a209b64\" data-element_type=\"widget\" data-e-type=\"widget\" data-widget_type=\"image.default\">\n\t\t\t\t\t\t\t\t\t\t\t\t\t\t\t<img decoding=\"async\" width=\"800\" height=\"392\" src=\"https:\/\/preprod.transcan.fr\/wp-content\/uploads\/2026\/03\/P1466025-1-scaled-e1776866258987-1024x502.jpg\" class=\"attachment-large size-large wp-image-1385\" alt=\"\" srcset=\"https:\/\/preprod.transcan.fr\/wp-content\/uploads\/2026\/03\/P1466025-1-scaled-e1776866258987-1024x502.jpg 1024w, https:\/\/preprod.transcan.fr\/wp-content\/uploads\/2026\/03\/P1466025-1-scaled-e1776866258987-300x147.jpg 300w, https:\/\/preprod.transcan.fr\/wp-content\/uploads\/2026\/03\/P1466025-1-scaled-e1776866258987-768x377.jpg 768w, https:\/\/preprod.transcan.fr\/wp-content\/uploads\/2026\/03\/P1466025-1-scaled-e1776866258987-1536x753.jpg 1536w, https:\/\/preprod.transcan.fr\/wp-content\/uploads\/2026\/03\/P1466025-1-scaled-e1776866258987-2048x1004.jpg 2048w\" sizes=\"(max-width: 800px) 100vw, 800px\" \/>\t\t\t\t\t\t\t\t\t\t\t\t\t\t\t<\/div>\n\t\t\t\t<div class=\"elementor-element elementor-element-ef54247 elementor-widget elementor-widget-spacer\" data-id=\"ef54247\" data-element_type=\"widget\" data-e-type=\"widget\" data-widget_type=\"spacer.default\">\n\t\t\t\t\t\t\t<div class=\"elementor-spacer\">\n\t\t\t<div class=\"elementor-spacer-inner\"><\/div>\n\t\t<\/div>\n\t\t\t\t\t\t<\/div>\n\t\t\t\t<div class=\"elementor-element elementor-element-f86915f elementor-widget elementor-widget-heading\" data-id=\"f86915f\" data-element_type=\"widget\" data-e-type=\"widget\" data-widget_type=\"heading.default\">\n\t\t\t\t\t<h2 class=\"elementor-heading-title elementor-size-default\">Une solution pour chaque <br>acheminement<\/h2>\t\t\t\t<\/div>\n\t\t\t\t\t\n<hr class=\"e-7ab3e94-38644e3 e-divider-base\" data-interaction-id=\"7ab3e94\"  data-e-type=\"widget\" data-id=\"7ab3e94\" \/>\n\t\t\t\t<div class=\"elementor-element elementor-element-5301d74 elementor-widget elementor-widget-text-editor\" data-id=\"5301d74\" data-element_type=\"widget\" data-e-type=\"widget\" data-widget_type=\"text-editor.default\">\n\t\t\t\t\t\t\t\t\t<p>Qu&rsquo;il s&rsquo;agisse de messagerie, de mini lots ou de lots, ou encore de mati\u00e8res dangereuses conditionn\u00e9es, nous avons une solution pour l&rsquo;acheminement de vos marchandises.<\/p>\n<p>Au d\u00e9part des Alpes-Maritimes, nous exp\u00e9dions vos colis de 10kg au camion complet sur toute la France et l&rsquo;Union Europ\u00e9enne.<\/p>\n<p>A destination des Alpes-Maritimes, nous assurons vos enl\u00e8vements de colis de 10 kg au camion complet sur toute la France au travers de notre r\u00e9seau de partenaires.<\/p>\t\t\t\t\t\t\t\t<\/div>\n\t\t\t\t<\/div>\n\t\t\t\t\t<\/div>\n\t\t\t\t<\/div>\n\t\t<div class=\"elementor-element elementor-element-7347616 e-flex e-con-boxed e-con e-parent\" data-id=\"7347616\" data-element_type=\"container\" data-e-type=\"container\">\n\t\t\t\t\t<div class=\"e-con-inner\">\n\t\t\t\t<div class=\"elementor-element elementor-element-be0015a elementor-widget elementor-widget-spacer\" data-id=\"be0015a\" data-element_type=\"widget\" data-e-type=\"widget\" data-widget_type=\"spacer.default\">\n\t\t\t\t\t\t\t<div class=\"elementor-spacer\">\n\t\t\t<div class=\"elementor-spacer-inner\"><\/div>\n\t\t<\/div>\n\t\t\t\t\t\t<\/div>\n\t\t\t\t\t<\/div>\n\t\t\t\t<\/div>\n\t\t\t\t<\/div>\n\t\t","protected":false},"excerpt":{"rendered":"<p>Une offre \u00ab\u00a0multi-produits\u00a0\u00bb, un service fiable et efficace Fort d&rsquo;une exp\u00e9rience de plus de 50 ans, nous avons acquis une parfaite connaissance des axes routiers, notre r\u00e9activit\u00e9 et notre grande disponibilit\u00e9 nous permettent de faire face \u00e0 toutes vos exigences. Parce que chaque client est unique, nous vous assurons un service personnalis\u00e9 d\u00e9di\u00e9 \u00e0 vos [&hellip;]<\/p>\n","protected":false},"author":1,"featured_media":0,"parent":0,"menu_order":0,"comment_status":"closed","ping_status":"closed","template":"","meta":{"footnotes":""},"class_list":["post-2382","page","type-page","status-publish","hentry"],"_links":{"self":[{"href":"https:\/\/preprod.transcan.fr\/index.php?rest_route=\/wp\/v2\/pages\/2382","targetHints":{"allow":["GET"]}}],"collection":[{"href":"https:\/\/preprod.transcan.fr\/index.php?rest_route=\/wp\/v2\/pages"}],"about":[{"href":"https:\/\/preprod.transcan.fr\/index.php?rest_route=\/wp\/v2\/types\/page"}],"author":[{"embeddable":true,"href":"https:\/\/preprod.transcan.fr\/index.php?rest_route=\/wp\/v2\/users\/1"}],"replies":[{"embeddable":true,"href":"https:\/\/preprod.transcan.fr\/index.php?rest_route=%2Fwp%2Fv2%2Fcomments&post=2382"}],"version-history":[{"count":26,"href":"https:\/\/preprod.transcan.fr\/index.php?rest_route=\/wp\/v2\/pages\/2382\/revisions"}],"predecessor-version":[{"id":2842,"href":"https:\/\/preprod.transcan.fr\/index.php?rest_route=\/wp\/v2\/pages\/2382\/revisions\/2842"}],"wp:attachment":[{"href":"https:\/\/preprod.transcan.fr\/index.php?rest_route=%2Fwp%2Fv2%2Fmedia&parent=2382"}],"curies":[{"name":"wp","href":"https:\/\/api.w.org\/{rel}","templated":true}]}}