{"id":2388,"date":"2026-03-27T13:18:27","date_gmt":"2026-03-27T13:18:27","guid":{"rendered":"https:\/\/preprod.transcan.fr\/?page_id=2388"},"modified":"2026-04-22T15:02:04","modified_gmt":"2026-04-22T15:02:04","slug":"elementor-2388","status":"publish","type":"page","link":"https:\/\/preprod.transcan.fr\/?page_id=2388","title":{"rendered":"Espace partenaires"},"content":{"rendered":"\t\t<div data-elementor-type=\"wp-page\" data-elementor-id=\"2388\" class=\"elementor elementor-2388\" data-elementor-post-type=\"page\">\n\t\t\t\t<div class=\"elementor-element elementor-element-2483b80 e-flex e-con-boxed e-con e-parent\" data-id=\"2483b80\" data-element_type=\"container\" data-e-type=\"container\" data-settings=\"{&quot;background_background&quot;:&quot;classic&quot;}\">\n\t\t\t\t\t<div class=\"e-con-inner\">\n\t\t\t\t\t<\/div>\n\t\t\t\t<\/div>\n\t\t<div class=\"elementor-element elementor-element-b47c40a e-flex e-con-boxed e-con e-parent\" data-id=\"b47c40a\" data-element_type=\"container\" data-e-type=\"container\" data-settings=\"{&quot;background_background&quot;:&quot;classic&quot;}\">\n\t\t\t\t\t<div class=\"e-con-inner\">\n\t\t\t\t<div class=\"elementor-element elementor-element-3c4baa2 elementor-widget elementor-widget-spacer\" data-id=\"3c4baa2\" data-element_type=\"widget\" data-e-type=\"widget\" data-widget_type=\"spacer.default\">\n\t\t\t\t\t\t\t<div class=\"elementor-spacer\">\n\t\t\t<div class=\"elementor-spacer-inner\"><\/div>\n\t\t<\/div>\n\t\t\t\t\t\t<\/div>\n\t\t\t\t\t<\/div>\n\t\t\t\t<\/div>\n\t\t<div class=\"elementor-element elementor-element-820d48d e-flex e-con-boxed e-con e-parent\" data-id=\"820d48d\" data-element_type=\"container\" data-e-type=\"container\">\n\t\t\t\t\t<div class=\"e-con-inner\">\n\t\t\t\t<div class=\"elementor-element elementor-element-957f113 elementor-widget elementor-widget-spacer\" data-id=\"957f113\" data-element_type=\"widget\" data-e-type=\"widget\" data-widget_type=\"spacer.default\">\n\t\t\t\t\t\t\t<div class=\"elementor-spacer\">\n\t\t\t<div class=\"elementor-spacer-inner\"><\/div>\n\t\t<\/div>\n\t\t\t\t\t\t<\/div>\n\t\t\t\t\t<\/div>\n\t\t\t\t<\/div>\n\t\t<div class=\"elementor-element elementor-element-0669359 e-flex e-con-boxed e-con e-parent\" data-id=\"0669359\" data-element_type=\"container\" data-e-type=\"container\" data-settings=\"{&quot;background_background&quot;:&quot;classic&quot;}\">\n\t\t\t\t\t<div class=\"e-con-inner\">\n\t\t\t\t<div class=\"elementor-element elementor-element-c5b8d81 elementor-widget elementor-widget-spacer\" data-id=\"c5b8d81\" data-element_type=\"widget\" data-e-type=\"widget\" data-widget_type=\"spacer.default\">\n\t\t\t\t\t\t\t<div class=\"elementor-spacer\">\n\t\t\t<div class=\"elementor-spacer-inner\"><\/div>\n\t\t<\/div>\n\t\t\t\t\t\t<\/div>\n\t\t\t\t<div class=\"elementor-element elementor-element-2339696 elementor-widget elementor-widget-heading\" data-id=\"2339696\" data-element_type=\"widget\" data-e-type=\"widget\" data-widget_type=\"heading.default\">\n\t\t\t\t\t<h2 class=\"elementor-heading-title elementor-size-default\">Vous \u00eates transitaires ou transporteurs ? <br>Vous cherchez \u00e0 distribuer votre fret dans les Alpes-Maritimes ou dans le Var ?<\/h2>\t\t\t\t<\/div>\n\t\t\t\t<div class=\"elementor-element elementor-element-636955e elementor-widget elementor-widget-spacer\" data-id=\"636955e\" data-element_type=\"widget\" data-e-type=\"widget\" data-widget_type=\"spacer.default\">\n\t\t\t\t\t\t\t<div class=\"elementor-spacer\">\n\t\t\t<div class=\"elementor-spacer-inner\"><\/div>\n\t\t<\/div>\n\t\t\t\t\t\t<\/div>\n\t\t\t\t\t<\/div>\n\t\t\t\t<\/div>\n\t\t<div class=\"elementor-element elementor-element-8a8e9fd e-flex e-con-boxed e-con e-parent\" data-id=\"8a8e9fd\" data-element_type=\"container\" data-e-type=\"container\" data-settings=\"{&quot;background_background&quot;:&quot;classic&quot;}\">\n\t\t\t\t\t<div class=\"e-con-inner\">\n\t\t<div class=\"elementor-element elementor-element-c0aa99b e-con-full e-flex e-con e-child\" data-id=\"c0aa99b\" data-element_type=\"container\" data-e-type=\"container\">\n\t\t\t\t<div class=\"elementor-element elementor-element-037399e elementor-widget elementor-widget-text-editor\" data-id=\"037399e\" data-element_type=\"widget\" data-e-type=\"widget\" data-widget_type=\"text-editor.default\">\n\t\t\t\t\t\t\t\t\t<p><strong>Distribution ou enl\u00e8vement, faites appel aux services des Transports Galot, votre Partenaire Transport !<\/strong><\/p><p>V\u00e9ritable relais de vos transports terrestres, maritimes ou a\u00e9riens nous assurons une continuit\u00e9 parfaite dans l&rsquo;acheminement et la distribution de vos cargaisons en toute s\u00e9curit\u00e9.<\/p><p>Notre flotte de v\u00e9hicules, tous \u00e9quip\u00e9s de hayons \u00e9l\u00e9vateurs et de transpalettes, nos \u00e9quipes parfaitement form\u00e9es, une tra\u00e7abilit\u00e9 fiable et s\u00e9curis\u00e9e, nous permettent de transporter\u00a0TOUT\u00a0type de\u00a0fret : parfumerie, ar\u00f4mes alimentaires, \u00e9lectrom\u00e9nager, bricolage, pharmacie, grande distribution hors produits frais, y compris des produits dangereux conditionn\u00e9s\u2026<\/p><p>Avec Les Transports Galot vous b\u00e9n\u00e9ficiez d&rsquo;une collaboration unique et privil\u00e9gi\u00e9e garantissant vos engagements aupr\u00e8s de vos clients.<\/p><div>\u00a0<\/div>\t\t\t\t\t\t\t\t<\/div>\n\t\t\t\t<\/div>\n\t\t<div class=\"elementor-element elementor-element-9461e84 e-con-full e-flex e-con e-child\" data-id=\"9461e84\" data-element_type=\"container\" data-e-type=\"container\">\n\t\t\t\t<div class=\"elementor-element elementor-element-f6f54f4 elementor-widget elementor-widget-text-editor\" data-id=\"f6f54f4\" data-element_type=\"widget\" data-e-type=\"widget\" data-widget_type=\"text-editor.default\">\n\t\t\t\t\t\t\t\t\t<p>Nous prenons en charge vos colis de 10 kg au camion complet au d\u00e9part de nos plateformes de\u00a0 Lyon, Marseille et Avignon. Passez-nous vos commandes aujourd\u2019hui, nous enl\u00e8verons vos marchandises d\u00e8s le lendemain<\/p><p>Nous assurons \u00e9galement pour votre compte vos enl\u00e8vements au d\u00e9part des Alpes-Maritimes et du Var pour les acheminer \u00e0 destination de vos quais en France et dans l\u2019Union Europ\u00e9enne.<\/p><p>Passez vos commandes avant midi, nous effectuerons les enl\u00e8vements le jour m\u00eame.<\/p><p>Nous ne partageons pas vos informations, nous ne d\u00e9marchons pas vos clients, vous restez enti\u00e8rement maitre de la relation client.<\/p>\t\t\t\t\t\t\t\t<\/div>\n\t\t\t\t<\/div>\n\t\t\t\t\t<\/div>\n\t\t\t\t<\/div>\n\t\t<div class=\"elementor-element elementor-element-ee730d5 e-flex e-con-boxed e-con e-parent\" data-id=\"ee730d5\" data-element_type=\"container\" data-e-type=\"container\">\n\t\t\t\t\t<div class=\"e-con-inner\">\n\t\t\t\t<div class=\"elementor-element elementor-element-c1bc8ed elementor-widget elementor-widget-spacer\" data-id=\"c1bc8ed\" data-element_type=\"widget\" data-e-type=\"widget\" data-widget_type=\"spacer.default\">\n\t\t\t\t\t\t\t<div class=\"elementor-spacer\">\n\t\t\t<div class=\"elementor-spacer-inner\"><\/div>\n\t\t<\/div>\n\t\t\t\t\t\t<\/div>\n\t\t\t\t\t<\/div>\n\t\t\t\t<\/div>\n\t\t\t\t<\/div>\n\t\t","protected":false},"excerpt":{"rendered":"<p>Vous \u00eates transitaires ou transporteurs ? Vous cherchez \u00e0 distribuer votre fret dans les Alpes-Maritimes ou dans le Var ? Distribution ou enl\u00e8vement, faites appel aux services des Transports Galot, votre Partenaire Transport ! V\u00e9ritable relais de vos transports terrestres, maritimes ou a\u00e9riens nous assurons une continuit\u00e9 parfaite dans l&rsquo;acheminement et la distribution de vos [&hellip;]<\/p>\n","protected":false},"author":1,"featured_media":0,"parent":0,"menu_order":0,"comment_status":"closed","ping_status":"closed","template":"","meta":{"footnotes":""},"class_list":["post-2388","page","type-page","status-publish","hentry"],"_links":{"self":[{"href":"https:\/\/preprod.transcan.fr\/index.php?rest_route=\/wp\/v2\/pages\/2388","targetHints":{"allow":["GET"]}}],"collection":[{"href":"https:\/\/preprod.transcan.fr\/index.php?rest_route=\/wp\/v2\/pages"}],"about":[{"href":"https:\/\/preprod.transcan.fr\/index.php?rest_route=\/wp\/v2\/types\/page"}],"author":[{"embeddable":true,"href":"https:\/\/preprod.transcan.fr\/index.php?rest_route=\/wp\/v2\/users\/1"}],"replies":[{"embeddable":true,"href":"https:\/\/preprod.transcan.fr\/index.php?rest_route=%2Fwp%2Fv2%2Fcomments&post=2388"}],"version-history":[{"count":8,"href":"https:\/\/preprod.transcan.fr\/index.php?rest_route=\/wp\/v2\/pages\/2388\/revisions"}],"predecessor-version":[{"id":2836,"href":"https:\/\/preprod.transcan.fr\/index.php?rest_route=\/wp\/v2\/pages\/2388\/revisions\/2836"}],"wp:attachment":[{"href":"https:\/\/preprod.transcan.fr\/index.php?rest_route=%2Fwp%2Fv2%2Fmedia&parent=2388"}],"curies":[{"name":"wp","href":"https:\/\/api.w.org\/{rel}","templated":true}]}}