{"id":2400,"date":"2026-03-27T13:49:47","date_gmt":"2026-03-27T13:49:47","guid":{"rendered":"https:\/\/preprod.transcan.fr\/?page_id=2400"},"modified":"2026-04-23T07:25:41","modified_gmt":"2026-04-23T07:25:41","slug":"etude-de-cas","status":"publish","type":"page","link":"https:\/\/preprod.transcan.fr\/?page_id=2400","title":{"rendered":"\u00c9tude de cas"},"content":{"rendered":"\t\t<div data-elementor-type=\"wp-page\" data-elementor-id=\"2400\" class=\"elementor elementor-2400\" data-elementor-post-type=\"page\">\n\t\t\t\t<div class=\"elementor-element elementor-element-62ac08a e-flex e-con-boxed e-con e-parent\" data-id=\"62ac08a\" data-element_type=\"container\" data-e-type=\"container\" data-settings=\"{&quot;background_background&quot;:&quot;classic&quot;}\">\n\t\t\t\t\t<div class=\"e-con-inner\">\n\t\t\t\t\t<\/div>\n\t\t\t\t<\/div>\n\t\t<div class=\"elementor-element elementor-element-6976309 e-flex e-con-boxed e-con e-parent\" data-id=\"6976309\" data-element_type=\"container\" data-e-type=\"container\" data-settings=\"{&quot;background_background&quot;:&quot;classic&quot;}\">\n\t\t\t\t\t<div class=\"e-con-inner\">\n\t\t\t\t<div class=\"elementor-element elementor-element-25d1de1 elementor-widget elementor-widget-spacer\" data-id=\"25d1de1\" data-element_type=\"widget\" data-e-type=\"widget\" data-widget_type=\"spacer.default\">\n\t\t\t\t\t\t\t<div class=\"elementor-spacer\">\n\t\t\t<div class=\"elementor-spacer-inner\"><\/div>\n\t\t<\/div>\n\t\t\t\t\t\t<\/div>\n\t\t\t\t\t<\/div>\n\t\t\t\t<\/div>\n\t\t<div class=\"elementor-element elementor-element-b2595f5 e-flex e-con-boxed e-con e-parent\" data-id=\"b2595f5\" data-element_type=\"container\" data-e-type=\"container\">\n\t\t\t\t\t<div class=\"e-con-inner\">\n\t\t\t\t<div class=\"elementor-element elementor-element-c18e68b elementor-widget elementor-widget-spacer\" data-id=\"c18e68b\" data-element_type=\"widget\" data-e-type=\"widget\" data-widget_type=\"spacer.default\">\n\t\t\t\t\t\t\t<div class=\"elementor-spacer\">\n\t\t\t<div class=\"elementor-spacer-inner\"><\/div>\n\t\t<\/div>\n\t\t\t\t\t\t<\/div>\n\t\t\t\t\t<\/div>\n\t\t\t\t<\/div>\n\t\t<div class=\"elementor-element elementor-element-ee8f78b e-flex e-con-boxed e-con e-parent\" data-id=\"ee8f78b\" data-element_type=\"container\" data-e-type=\"container\" data-settings=\"{&quot;background_background&quot;:&quot;classic&quot;}\">\n\t\t\t\t\t<div class=\"e-con-inner\">\n\t\t<div class=\"elementor-element elementor-element-be5b820 e-con-full e-flex e-con e-child\" data-id=\"be5b820\" data-element_type=\"container\" data-e-type=\"container\">\n\t\t\t\t<div class=\"elementor-element elementor-element-a18c04d elementor-widget elementor-widget-spacer\" data-id=\"a18c04d\" data-element_type=\"widget\" data-e-type=\"widget\" data-widget_type=\"spacer.default\">\n\t\t\t\t\t\t\t<div class=\"elementor-spacer\">\n\t\t\t<div class=\"elementor-spacer-inner\"><\/div>\n\t\t<\/div>\n\t\t\t\t\t\t<\/div>\n\t\t\t\t<div class=\"elementor-element elementor-element-78ad6ac elementor-widget elementor-widget-heading\" data-id=\"78ad6ac\" data-element_type=\"widget\" data-e-type=\"widget\" data-widget_type=\"heading.default\">\n\t\t\t\t\t<h2 class=\"elementor-heading-title elementor-size-default\">1 - La d\u00e9claration de mati\u00e8res dangereuses\u200b<\/h2>\t\t\t\t<\/div>\n\t\t\t\t<div class=\"elementor-element elementor-element-7b4152b elementor-widget elementor-widget-text-editor\" data-id=\"7b4152b\" data-element_type=\"widget\" data-e-type=\"widget\" data-widget_type=\"text-editor.default\">\n\t\t\t\t\t\t\t\t\t<p>Il doit fournir au transporteur les renseignements suivants :<\/p><ul><li>Le nom et l\u2019adresse de l\u2019exp\u00e9diteur<\/li><li>Le nom et l\u2019adresse du destinataire<\/li><li>Le nombre de colis et la description du colis lorsque cela s\u2019applique<\/li><li>La quantit\u00e9 totale de chaque marchandise dangereuse caract\u00e9ris\u00e9e par son num\u00e9ro<\/li><li>ONU, sa d\u00e9signation officielle de transport et un groupe d\u2019emballage (exprim\u00e9e en volume ou en masse brut, ou\u00a0en masse nette selon le cas).<\/li><li>le num\u00e9ro ONU pr\u00e9c\u00e9d\u00e9 des lettre \u00ab UN \u00bb<\/li><li>la d\u00e9signation officielle de transport, compl\u00e9t\u00e9e le cas \u00e9ch\u00e9ant avec le nom technique<\/li><li>Le num\u00e9ro du mod\u00e8le d\u2019\u00e9tiquette<\/li><li>Le groupe d\u2019emballage attribu\u00e9 \u00e0 la mati\u00e8re<\/li><li>Le cas \u00e9ch\u00e9ant, le code de restriction en tunnels (pas n\u00e9cessaire si l\u2019on n\u2019emprunte pas de tunnels)\u200b<\/li><\/ul>\t\t\t\t\t\t\t\t<\/div>\n\t\t\t\t<\/div>\n\t\t<div class=\"elementor-element elementor-element-abd2654 e-con-full e-flex e-con e-child\" data-id=\"abd2654\" data-element_type=\"container\" data-e-type=\"container\">\n\t\t\t\t<div class=\"elementor-element elementor-element-12e4da0 elementor-widget elementor-widget-spacer\" data-id=\"12e4da0\" data-element_type=\"widget\" data-e-type=\"widget\" data-widget_type=\"spacer.default\">\n\t\t\t\t\t\t\t<div class=\"elementor-spacer\">\n\t\t\t<div class=\"elementor-spacer-inner\"><\/div>\n\t\t<\/div>\n\t\t\t\t\t\t<\/div>\n\t\t\t\t<div class=\"elementor-element elementor-element-1a4903b elementor-widget elementor-widget-heading\" data-id=\"1a4903b\" data-element_type=\"widget\" data-e-type=\"widget\" data-widget_type=\"heading.default\">\n\t\t\t\t\t<h2 class=\"elementor-heading-title elementor-size-default\">2 - L\u2019\u00e9tiquetage des colis<\/h2>\t\t\t\t<\/div>\n\t\t\t\t<div class=\"elementor-element elementor-element-8db37b0 elementor-widget elementor-widget-text-editor\" data-id=\"8db37b0\" data-element_type=\"widget\" data-e-type=\"widget\" data-widget_type=\"text-editor.default\">\n\t\t\t\t\t\t\t\t\t<p>L\u2019exp\u00e9diteur doit indiquer la mati\u00e8re transport\u00e9e :<\/p><ul><li>code ONU,<\/li><li>classe,<\/li><li>\u00e9tiquette danger<\/li><li>sp\u00e9cifier quand il y lieu si la marchandise est en quantit\u00e9 limit\u00e9e ou quantit\u00e9 except\u00e9e<\/li><\/ul>\t\t\t\t\t\t\t\t<\/div>\n\t\t\t\t<\/div>\n\t\t\t\t\t<\/div>\n\t\t\t\t<\/div>\n\t\t<div class=\"elementor-element elementor-element-5f60568 e-flex e-con-boxed e-con e-parent\" data-id=\"5f60568\" data-element_type=\"container\" data-e-type=\"container\" data-settings=\"{&quot;background_background&quot;:&quot;classic&quot;}\">\n\t\t\t\t\t<div class=\"e-con-inner\">\n\t\t\t\t<div class=\"elementor-element elementor-element-6cbbeeb elementor-widget elementor-widget-spacer\" data-id=\"6cbbeeb\" data-element_type=\"widget\" data-e-type=\"widget\" data-widget_type=\"spacer.default\">\n\t\t\t\t\t\t\t<div class=\"elementor-spacer\">\n\t\t\t<div class=\"elementor-spacer-inner\"><\/div>\n\t\t<\/div>\n\t\t\t\t\t\t<\/div>\n\t\t\t\t<div class=\"elementor-element elementor-element-3da1f93 elementor-widget elementor-widget-heading\" data-id=\"3da1f93\" data-element_type=\"widget\" data-e-type=\"widget\" data-widget_type=\"heading.default\">\n\t\t\t\t\t<h2 class=\"elementor-heading-title elementor-size-default\">3- Le contr\u00f4le du transporteur<\/h2>\t\t\t\t<\/div>\n\t\t\t\t<div class=\"elementor-element elementor-element-4ba1167 elementor-widget elementor-widget-text-editor\" data-id=\"4ba1167\" data-element_type=\"widget\" data-e-type=\"widget\" data-widget_type=\"text-editor.default\">\n\t\t\t\t\t\t\t\t\t<p>L\u2019exp\u00e9diteur doit v\u00e9rifier :<\/p><ul><li>La formation du chauffeur au travers d\u2019un certificat de formation valide et de la possession de consignes de\u00a0s\u00e9curit\u00e9 \u00e9crites remises par le transporteur<\/li><li>L\u2019\u00e9quipement du conducteur :<ul><li>1 gilet fluorescent<\/li><li>1 lampe de s\u00fbret\u00e9<\/li><li>1 pelle (*)<\/li><li>1 valise de s\u00e9curit\u00e9 (1 paire de lunettes de protection, 1 flacon ophtalmologique, 1 masque avec cartouches\u00a0filtrantes) (*)<\/li><li>1 protection de plaque d\u2019\u00e9gout (*)<\/li><li>1 r\u00e9servoir collecteur en plastique (*)<\/li><\/ul><\/li><\/ul><p><em>(*) Figurant dans la liste des \u00e9quipements de protection g\u00e9n\u00e9rale et individuelle prescrits lors des mesures d\u2019urgence en fonction des mati\u00e8res dangereuses.<\/em><\/p><ul><li>L\u2019\u00e9quipement du v\u00e9hicule :<ul><li>1 cale<\/li><li>La pr\u00e9sence d\u2019extincteurs d\u2019une capacit\u00e9 totale de 12 Kgs pour tout poids lourd de plus de 7.5T<\/li><li>2 lampes clignotantes ou 2 c\u00f4nes ou 2 triangles<\/li><li>1 jeu de plaques orange (avant et arri\u00e8re v\u00e9hicule)<\/li><\/ul><\/li><li>Le respect des r\u00e8gles de chargement :<ul><li>S\u00e9parer les denr\u00e9es alimentaires des autres marchandises et\/ ou respecter une distance limite\u00a0de 0.8m par exemple<\/li><li>Observer les interdictions de chargement en commun.<\/li><\/ul><\/li><\/ul>\t\t\t\t\t\t\t\t<\/div>\n\t\t\t\t<div class=\"elementor-element elementor-element-24d1452 elementor-widget elementor-widget-spacer\" data-id=\"24d1452\" data-element_type=\"widget\" data-e-type=\"widget\" data-widget_type=\"spacer.default\">\n\t\t\t\t\t\t\t<div class=\"elementor-spacer\">\n\t\t\t<div class=\"elementor-spacer-inner\"><\/div>\n\t\t<\/div>\n\t\t\t\t\t\t<\/div>\n\t\t\t\t\t<\/div>\n\t\t\t\t<\/div>\n\t\t<div class=\"elementor-element elementor-element-d033211 e-flex e-con-boxed e-con e-parent\" data-id=\"d033211\" data-element_type=\"container\" data-e-type=\"container\">\n\t\t\t\t\t<div class=\"e-con-inner\">\n\t\t\t\t<div class=\"elementor-element elementor-element-80a255d elementor-widget elementor-widget-spacer\" data-id=\"80a255d\" data-element_type=\"widget\" data-e-type=\"widget\" data-widget_type=\"spacer.default\">\n\t\t\t\t\t\t\t<div class=\"elementor-spacer\">\n\t\t\t<div class=\"elementor-spacer-inner\"><\/div>\n\t\t<\/div>\n\t\t\t\t\t\t<\/div>\n\t\t\t\t\t<\/div>\n\t\t\t\t<\/div>\n\t\t\t\t<\/div>\n\t\t","protected":false},"excerpt":{"rendered":"<p>1 &#8211; La d\u00e9claration de mati\u00e8res dangereuses\u200b Il doit fournir au transporteur les renseignements suivants : Le nom et l\u2019adresse de l\u2019exp\u00e9diteur Le nom et l\u2019adresse du destinataire Le nombre de colis et la description du colis lorsque cela s\u2019applique La quantit\u00e9 totale de chaque marchandise dangereuse caract\u00e9ris\u00e9e par son num\u00e9ro ONU, sa d\u00e9signation officielle [&hellip;]<\/p>\n","protected":false},"author":1,"featured_media":0,"parent":0,"menu_order":0,"comment_status":"closed","ping_status":"closed","template":"","meta":{"footnotes":""},"class_list":["post-2400","page","type-page","status-publish","hentry"],"_links":{"self":[{"href":"https:\/\/preprod.transcan.fr\/index.php?rest_route=\/wp\/v2\/pages\/2400","targetHints":{"allow":["GET"]}}],"collection":[{"href":"https:\/\/preprod.transcan.fr\/index.php?rest_route=\/wp\/v2\/pages"}],"about":[{"href":"https:\/\/preprod.transcan.fr\/index.php?rest_route=\/wp\/v2\/types\/page"}],"author":[{"embeddable":true,"href":"https:\/\/preprod.transcan.fr\/index.php?rest_route=\/wp\/v2\/users\/1"}],"replies":[{"embeddable":true,"href":"https:\/\/preprod.transcan.fr\/index.php?rest_route=%2Fwp%2Fv2%2Fcomments&post=2400"}],"version-history":[{"count":16,"href":"https:\/\/preprod.transcan.fr\/index.php?rest_route=\/wp\/v2\/pages\/2400\/revisions"}],"predecessor-version":[{"id":2874,"href":"https:\/\/preprod.transcan.fr\/index.php?rest_route=\/wp\/v2\/pages\/2400\/revisions\/2874"}],"wp:attachment":[{"href":"https:\/\/preprod.transcan.fr\/index.php?rest_route=%2Fwp%2Fv2%2Fmedia&parent=2400"}],"curies":[{"name":"wp","href":"https:\/\/api.w.org\/{rel}","templated":true}]}}