{"id":631,"date":"2026-03-12T10:00:30","date_gmt":"2026-03-12T10:00:30","guid":{"rendered":"https:\/\/preprod.transcan.fr\/?page_id=631"},"modified":"2026-03-30T13:04:47","modified_gmt":"2026-03-30T13:04:47","slug":"rse","status":"publish","type":"page","link":"https:\/\/preprod.transcan.fr\/?page_id=631","title":{"rendered":"RSE"},"content":{"rendered":"\t\t<div data-elementor-type=\"wp-page\" data-elementor-id=\"631\" class=\"elementor elementor-631\" data-elementor-post-type=\"page\">\n\t\t\t\t<div class=\"elementor-element elementor-element-b83293d e-flex e-con-boxed e-con e-parent\" data-id=\"b83293d\" data-element_type=\"container\" data-e-type=\"container\" data-settings=\"{&quot;background_background&quot;:&quot;classic&quot;}\">\n\t\t\t\t\t<div class=\"e-con-inner\">\n\t\t\t\t\t<\/div>\n\t\t\t\t<\/div>\n\t\t<div class=\"elementor-element elementor-element-7c4e4f5 e-flex e-con-boxed e-con e-parent\" data-id=\"7c4e4f5\" data-element_type=\"container\" data-e-type=\"container\">\n\t\t\t\t\t<div class=\"e-con-inner\">\n\t\t\t\t<div class=\"elementor-element elementor-element-7a4f966 elementor-widget elementor-widget-spacer\" data-id=\"7a4f966\" data-element_type=\"widget\" data-e-type=\"widget\" data-widget_type=\"spacer.default\">\n\t\t\t\t\t\t\t<div class=\"elementor-spacer\">\n\t\t\t<div class=\"elementor-spacer-inner\"><\/div>\n\t\t<\/div>\n\t\t\t\t\t\t<\/div>\n\t\t\t\t<div class=\"elementor-element elementor-element-45a9091 elementor-widget elementor-widget-heading\" data-id=\"45a9091\" data-element_type=\"widget\" data-e-type=\"widget\" data-widget_type=\"heading.default\">\n\t\t\t\t\t<h2 class=\"elementor-heading-title elementor-size-default\">Humilit\u00e9<\/h2>\t\t\t\t<\/div>\n\t\t\t\t<div class=\"elementor-element elementor-element-0db0a6e elementor-widget-divider--view-line elementor-widget elementor-widget-divider\" data-id=\"0db0a6e\" data-element_type=\"widget\" data-e-type=\"widget\" data-widget_type=\"divider.default\">\n\t\t\t\t\t\t\t<div class=\"elementor-divider\">\n\t\t\t<span class=\"elementor-divider-separator\">\n\t\t\t\t\t\t<\/span>\n\t\t<\/div>\n\t\t\t\t\t\t<\/div>\n\t\t\t\t<div class=\"elementor-element elementor-element-18e1630 elementor-widget elementor-widget-text-editor\" data-id=\"18e1630\" data-element_type=\"widget\" data-e-type=\"widget\" data-widget_type=\"text-editor.default\">\n\t\t\t\t\t\t\t\t\t<p>Nous croyons en l\u2019importance de reconna\u00eetre et respecter les contributions de chacun. L\u2019humilit\u00e9 est au c\u0153ur de notre culture d\u2019entreprise, nous encourageant \u00e0 apprendre les uns des autres, \u00e0 reconna\u00eetre nos erreurs et \u00e0 travailler ensemble pour atteindre des objectifs communs. Nous ne consid\u00e9rons pas nos succ\u00e8s comme des finalit\u00e9s mais comme des marches franchies dans la poursuite de ces objectifs.<!-- notionvc: bc04b716-7b67-4c84-8f9d-0447fe70f6ee --><\/p>\t\t\t\t\t\t\t\t<\/div>\n\t\t\t\t<div class=\"elementor-element elementor-element-f5598ad elementor-widget elementor-widget-heading\" data-id=\"f5598ad\" data-element_type=\"widget\" data-e-type=\"widget\" data-widget_type=\"heading.default\">\n\t\t\t\t\t<h2 class=\"elementor-heading-title elementor-size-default\">Ambition<\/h2>\t\t\t\t<\/div>\n\t\t\t\t<div class=\"elementor-element elementor-element-9b48221 elementor-widget-divider--view-line elementor-widget elementor-widget-divider\" data-id=\"9b48221\" data-element_type=\"widget\" data-e-type=\"widget\" data-widget_type=\"divider.default\">\n\t\t\t\t\t\t\t<div class=\"elementor-divider\">\n\t\t\t<span class=\"elementor-divider-separator\">\n\t\t\t\t\t\t<\/span>\n\t\t<\/div>\n\t\t\t\t\t\t<\/div>\n\t\t\t\t<div class=\"elementor-element elementor-element-5388cbd elementor-widget elementor-widget-text-editor\" data-id=\"5388cbd\" data-element_type=\"widget\" data-e-type=\"widget\" data-widget_type=\"text-editor.default\">\n\t\t\t\t\t\t\t\t\t<p>L\u2019ambition est le moteur qui nous pousse \u00e0 viser l\u2019excellence. Nous encourageons l\u2019audace, la cr\u00e9ativit\u00e9 et la d\u00e9termination chez nos collaborateurs. Ensemble, nous aspirons \u00e0 des r\u00e9alisations remarquables sur le plan collectif mais \u00e9galement individuel ; ainsi qu\u2019\u00e0 une croissance continue qui est seule garante de l\u2019expression de nos ambitions et de notre soif de projets.<\/p>\t\t\t\t\t\t\t\t<\/div>\n\t\t\t\t<div class=\"elementor-element elementor-element-8c87c38 elementor-widget elementor-widget-heading\" data-id=\"8c87c38\" data-element_type=\"widget\" data-e-type=\"widget\" data-widget_type=\"heading.default\">\n\t\t\t\t\t<h2 class=\"elementor-heading-title elementor-size-default\">Innovation\u00a0<\/h2>\t\t\t\t<\/div>\n\t\t\t\t<div class=\"elementor-element elementor-element-01afd23 elementor-widget-divider--view-line elementor-widget elementor-widget-divider\" data-id=\"01afd23\" data-element_type=\"widget\" data-e-type=\"widget\" data-widget_type=\"divider.default\">\n\t\t\t\t\t\t\t<div class=\"elementor-divider\">\n\t\t\t<span class=\"elementor-divider-separator\">\n\t\t\t\t\t\t<\/span>\n\t\t<\/div>\n\t\t\t\t\t\t<\/div>\n\t\t\t\t<div class=\"elementor-element elementor-element-52460f8 elementor-widget elementor-widget-text-editor\" data-id=\"52460f8\" data-element_type=\"widget\" data-e-type=\"widget\" data-widget_type=\"text-editor.default\">\n\t\t\t\t\t\t\t\t\t<p>L\u2019innovation est au c\u0153ur de notre ADN. Nous encourageons la cr\u00e9ativit\u00e9, la prise de risque calcul\u00e9e et la recherche constante de nouvelles id\u00e9es. En favorisant un environnement propice \u00e0 l\u2019innovation, nous cr\u00e9ons les conditions pour nous diff\u00e9rencier de nos concurrents, anticiper les besoins du march\u00e9 et de cr\u00e9er des solutions avant-gardistes.<\/p>\t\t\t\t\t\t\t\t<\/div>\n\t\t\t\t<div class=\"elementor-element elementor-element-463f83f elementor-widget elementor-widget-heading\" data-id=\"463f83f\" data-element_type=\"widget\" data-e-type=\"widget\" data-widget_type=\"heading.default\">\n\t\t\t\t\t<h2 class=\"elementor-heading-title elementor-size-default\">\u00c9coresponsabilit\u00e9\u00a0<\/h2>\t\t\t\t<\/div>\n\t\t\t\t<div class=\"elementor-element elementor-element-d67e855 elementor-widget-divider--view-line elementor-widget elementor-widget-divider\" data-id=\"d67e855\" data-element_type=\"widget\" data-e-type=\"widget\" data-widget_type=\"divider.default\">\n\t\t\t\t\t\t\t<div class=\"elementor-divider\">\n\t\t\t<span class=\"elementor-divider-separator\">\n\t\t\t\t\t\t<\/span>\n\t\t<\/div>\n\t\t\t\t\t\t<\/div>\n\t\t\t\t<div class=\"elementor-element elementor-element-1da34b3 elementor-widget elementor-widget-text-editor\" data-id=\"1da34b3\" data-element_type=\"widget\" data-e-type=\"widget\" data-widget_type=\"text-editor.default\">\n\t\t\t\t\t\t\t\t\t<p>En tant qu\u2019entreprise, nous assumons notre responsabilit\u00e9 envers l\u2019environnement. Nous nous engageons \u00e0 r\u00e9duire notre empreinte carbone, \u00e0 favoriser des pratiques durables et \u00e0 d\u00e9velopper des solutions respectueuses de l\u2019environnement. En int\u00e9grant l\u2019\u00e9coresponsabilit\u00e9 dans nos activit\u00e9s et dans notre management, nous honorons avec fiert\u00e9 ce que nous consid\u00e9rons \u00eatre notre devoir d\u2019acteur \u00e9conomique territorial.<\/p>\t\t\t\t\t\t\t\t<\/div>\n\t\t\t\t<div class=\"elementor-element elementor-element-dd967e9 elementor-widget-divider--view-line elementor-widget elementor-widget-divider\" data-id=\"dd967e9\" data-element_type=\"widget\" data-e-type=\"widget\" data-widget_type=\"divider.default\">\n\t\t\t\t\t\t\t<div class=\"elementor-divider\">\n\t\t\t<span class=\"elementor-divider-separator\">\n\t\t\t\t\t\t<\/span>\n\t\t<\/div>\n\t\t\t\t\t\t<\/div>\n\t\t\t\t<div class=\"elementor-element elementor-element-1143e9c elementor-widget elementor-widget-spacer\" data-id=\"1143e9c\" data-element_type=\"widget\" data-e-type=\"widget\" data-widget_type=\"spacer.default\">\n\t\t\t\t\t\t\t<div class=\"elementor-spacer\">\n\t\t\t<div class=\"elementor-spacer-inner\"><\/div>\n\t\t<\/div>\n\t\t\t\t\t\t<\/div>\n\t\t\t\t\t<\/div>\n\t\t\t\t<\/div>\n\t\t<div class=\"elementor-element elementor-element-c961582 e-flex e-con-boxed e-con e-parent\" data-id=\"c961582\" data-element_type=\"container\" data-e-type=\"container\">\n\t\t\t\t\t<div class=\"e-con-inner\">\n\t\t\t\t<div class=\"elementor-element elementor-element-7ec03a6 elementor-widget elementor-widget-video\" data-id=\"7ec03a6\" data-element_type=\"widget\" data-e-type=\"widget\" data-settings=\"{&quot;youtube_url&quot;:&quot;https:\\\/\\\/www.youtube.com\\\/watch?v=lTWe1eQg7_E&quot;,&quot;video_type&quot;:&quot;youtube&quot;,&quot;controls&quot;:&quot;yes&quot;}\" data-widget_type=\"video.default\">\n\t\t\t\t\t\t\t<div class=\"elementor-wrapper elementor-open-inline\">\n\t\t\t<div class=\"elementor-video\"><\/div>\t\t<\/div>\n\t\t\t\t\t\t<\/div>\n\t\t\t\t\t<\/div>\n\t\t\t\t<\/div>\n\t\t\t\t<\/div>\n\t\t","protected":false},"excerpt":{"rendered":"<p>Humilit\u00e9 Nous croyons en l\u2019importance de reconna\u00eetre et respecter les contributions de chacun. L\u2019humilit\u00e9 est au c\u0153ur de notre culture d\u2019entreprise, nous encourageant \u00e0 apprendre les uns des autres, \u00e0 reconna\u00eetre nos erreurs et \u00e0 travailler ensemble pour atteindre des objectifs communs. Nous ne consid\u00e9rons pas nos succ\u00e8s comme des finalit\u00e9s mais comme des marches [&hellip;]<\/p>\n","protected":false},"author":1,"featured_media":0,"parent":0,"menu_order":0,"comment_status":"closed","ping_status":"closed","template":"","meta":{"footnotes":""},"class_list":["post-631","page","type-page","status-publish","hentry"],"_links":{"self":[{"href":"https:\/\/preprod.transcan.fr\/index.php?rest_route=\/wp\/v2\/pages\/631","targetHints":{"allow":["GET"]}}],"collection":[{"href":"https:\/\/preprod.transcan.fr\/index.php?rest_route=\/wp\/v2\/pages"}],"about":[{"href":"https:\/\/preprod.transcan.fr\/index.php?rest_route=\/wp\/v2\/types\/page"}],"author":[{"embeddable":true,"href":"https:\/\/preprod.transcan.fr\/index.php?rest_route=\/wp\/v2\/users\/1"}],"replies":[{"embeddable":true,"href":"https:\/\/preprod.transcan.fr\/index.php?rest_route=%2Fwp%2Fv2%2Fcomments&post=631"}],"version-history":[{"count":22,"href":"https:\/\/preprod.transcan.fr\/index.php?rest_route=\/wp\/v2\/pages\/631\/revisions"}],"predecessor-version":[{"id":2599,"href":"https:\/\/preprod.transcan.fr\/index.php?rest_route=\/wp\/v2\/pages\/631\/revisions\/2599"}],"wp:attachment":[{"href":"https:\/\/preprod.transcan.fr\/index.php?rest_route=%2Fwp%2Fv2%2Fmedia&parent=631"}],"curies":[{"name":"wp","href":"https:\/\/api.w.org\/{rel}","templated":true}]}}