{"id":639,"date":"2026-03-12T10:08:54","date_gmt":"2026-03-12T10:08:54","guid":{"rendered":"https:\/\/preprod.transcan.fr\/?page_id=639"},"modified":"2026-03-23T13:17:36","modified_gmt":"2026-03-23T13:17:36","slug":"mentions-legales","status":"publish","type":"page","link":"https:\/\/preprod.transcan.fr\/?page_id=639","title":{"rendered":"Mentions l\u00e9gales"},"content":{"rendered":"\t\t<div data-elementor-type=\"wp-page\" data-elementor-id=\"639\" class=\"elementor elementor-639\" data-elementor-post-type=\"page\">\n\t\t\t\t<div class=\"elementor-element elementor-element-d896047 e-flex e-con-boxed e-con e-parent\" data-id=\"d896047\" data-element_type=\"container\" data-e-type=\"container\" data-settings=\"{&quot;background_background&quot;:&quot;classic&quot;}\">\n\t\t\t\t\t<div class=\"e-con-inner\">\n\t\t\t\t<div class=\"elementor-element elementor-element-144c16b elementor-widget elementor-widget-spacer\" data-id=\"144c16b\" data-element_type=\"widget\" data-e-type=\"widget\" data-widget_type=\"spacer.default\">\n\t\t\t\t\t\t\t<div class=\"elementor-spacer\">\n\t\t\t<div class=\"elementor-spacer-inner\"><\/div>\n\t\t<\/div>\n\t\t\t\t\t\t<\/div>\n\t\t\t\t<div class=\"elementor-element elementor-element-05e2924 elementor-widget elementor-widget-heading\" data-id=\"05e2924\" data-element_type=\"widget\" data-e-type=\"widget\" data-widget_type=\"heading.default\">\n\t\t\t\t\t<h2 class=\"elementor-heading-title elementor-size-default\">Mentions l\u00e9gales du site Internet \u00ab Transcan Groupe \u00bb<\/h2>\t\t\t\t<\/div>\n\t\t\t\t<div class=\"elementor-element elementor-element-5972529 elementor-widget elementor-widget-spacer\" data-id=\"5972529\" data-element_type=\"widget\" data-e-type=\"widget\" data-widget_type=\"spacer.default\">\n\t\t\t\t\t\t\t<div class=\"elementor-spacer\">\n\t\t\t<div class=\"elementor-spacer-inner\"><\/div>\n\t\t<\/div>\n\t\t\t\t\t\t<\/div>\n\t\t\t\t\t<\/div>\n\t\t\t\t<\/div>\n\t\t<div class=\"elementor-element elementor-element-f5ed5d6 e-flex e-con-boxed e-con e-parent\" data-id=\"f5ed5d6\" data-element_type=\"container\" data-e-type=\"container\">\n\t\t\t\t\t<div class=\"e-con-inner\">\n\t\t\t\t<div class=\"elementor-element elementor-element-e86ac55 elementor-widget elementor-widget-spacer\" data-id=\"e86ac55\" data-element_type=\"widget\" data-e-type=\"widget\" data-widget_type=\"spacer.default\">\n\t\t\t\t\t\t\t<div class=\"elementor-spacer\">\n\t\t\t<div class=\"elementor-spacer-inner\"><\/div>\n\t\t<\/div>\n\t\t\t\t\t\t<\/div>\n\t\t\t\t<div class=\"elementor-element elementor-element-4c1f1e2 elementor-widget elementor-widget-text-editor\" data-id=\"4c1f1e2\" data-element_type=\"widget\" data-e-type=\"widget\" data-widget_type=\"text-editor.default\">\n\t\t\t\t\t\t\t\t\t<h2><strong style=\"font-size: 16px; font-style: inherit; color: #000000;\">Transcan Groupe<\/strong><\/h2><p>Adresse : ZI de Carros, Angle 18eme rue et 5eme Avenue, 06510 Le Broc \u2013 France.<\/p><p>T\u00e9l : 04 93 29 00 75<\/p><p>Fax : 04 93 29 00 76<\/p><p>E-mail :\u00a0<a href=\"mailto:contact@transcan.fr\">contact@transcan.fr<\/a><\/p><p>Directeur de la publication, responsable l\u00e9gal et responsable \u00e9ditorial : Mr. Franck CANNATA.<\/p>\t\t\t\t\t\t\t\t<\/div>\n\t\t\t\t<div class=\"elementor-element elementor-element-a11089d elementor-widget elementor-widget-spacer\" data-id=\"a11089d\" data-element_type=\"widget\" data-e-type=\"widget\" data-widget_type=\"spacer.default\">\n\t\t\t\t\t\t\t<div class=\"elementor-spacer\">\n\t\t\t<div class=\"elementor-spacer-inner\"><\/div>\n\t\t<\/div>\n\t\t\t\t\t\t<\/div>\n\t\t\t\t<div class=\"elementor-element elementor-element-8c9f63b elementor-widget elementor-widget-text-editor\" data-id=\"8c9f63b\" data-element_type=\"widget\" data-e-type=\"widget\" data-widget_type=\"text-editor.default\">\n\t\t\t\t\t\t\t\t\t<h3><strong>R\u00e9alisation et h\u00e9bergement du site<\/strong><\/h3><p><strong>CSP France<\/strong><\/p><p>Adresse : 120 Route des Macarons \u2013 06560 Valbonne \u2013 France.<\/p><p>T\u00e9l. : +33(0)6 50 56 62 90<\/p><p>Email :\u00a0<a href=\"mailto:contact@csp-france.com\">contact@csp-france.com<\/a><\/p><p>Site Internet :\u00a0<a href=\"https:\/\/www.csp-france.fr\/\">www.csp-france.fr<\/a><\/p><h3><strong>Droits d\u2019auteur \u2013 Copyright<\/strong><\/h3><p>L\u2019ensemble de ce site rel\u00e8ve de la l\u00e9gislation fran\u00e7aise et internationale sur le droit d\u2019auteur et la propri\u00e9t\u00e9 intellectuelle.<\/p><p>Les photographies, textes, slogans, dessins, images, s\u00e9quences anim\u00e9es sonores ou non ainsi que toutes \u0153uvres int\u00e9gr\u00e9es dans le site sont la propri\u00e9t\u00e9 de la soci\u00e9t\u00e9 ou de tiers ayant \u00e9t\u00e9 autoris\u00e9 \u00e0 les utiliser.<\/p><p>Les logos, ic\u00f4nes et puces graphiques repr\u00e9sent\u00e9s sur le site sont prot\u00e9g\u00e9s au titre des droits d\u2019auteur et des articles L.511.1 et suivants du Code de la propri\u00e9t\u00e9 intellectuelle relatifs \u00e0 la protection des mod\u00e8les d\u00e9pos\u00e9s.<\/p><p>Tous les droits de reproduction sont r\u00e9serv\u00e9s et strictement limit\u00e9s, y compris pour les documents t\u00e9l\u00e9chargeables et les repr\u00e9sentations iconographiques et photographiques.<\/p><p>Les marques cit\u00e9es sur ce site sont d\u00e9pos\u00e9es par les soci\u00e9t\u00e9s qui en sont propri\u00e9taires.<\/p><p>Toute utilisation non autoris\u00e9e de tout ou partie de ces droits par des tiers est susceptible de donner lieu \u00e0 des poursuites judiciaires.<\/p><p>Certains \u00e9l\u00e9ments graphiques sont emprunt\u00e9s au site <a href=\"http:\/\/pexels.com\">pexels.com<\/a> dans leur cadre l\u2019\u00e9gal d\u2019utilisation.<\/p><h3><strong>Contenu du site<\/strong><\/h3><p>Nous d\u00e9clinons toute responsabilit\u00e9 en cas de retard de mise \u00e0 jour, de m\u00eame qu\u2019en cas d\u2019interruption ou d\u2019indisponibilit\u00e9 temporaire du service.<\/p><p>Nous nous r\u00e9servons le droit de corriger, \u00e0 tout moment et sans pr\u00e9avis, le contenu de ce site.<\/p><p>Les reproductions, sur un support papier ou informatique, dudit site et des \u0153uvres qui y sont reproduites sont autoris\u00e9es sous r\u00e9serve qu\u2019elles soient strictement r\u00e9serv\u00e9es \u00e0 un usage personnel et priv\u00e9.<\/p><p>Cela exclut tout usage \u00e0 des fins publicitaires et\/ou commerciales, et\/ou d\u2019information et\/ou qu\u2019elles soient conformes aux dispositions de l\u2019article L.122-5 du Code de la propri\u00e9t\u00e9 intellectuelle.<\/p><p>Toute reproduction, repr\u00e9sentation, utilisation ou modification, par quelque proc\u00e9d\u00e9 que ce soit et sur quelque support que ce soit, de tout ou partie du site, de tout ou partie des diff\u00e9rentes \u0153uvres qui le composent, sans avoir obtenu l\u2019autorisation pr\u00e9alable du directeur de la publication est strictement interdite, constitue un d\u00e9lit de contrefa\u00e7on et peut donner suite \u00e0 des poursuites judiciaires civiles et\/ou p\u00e9nales, ainsi qu\u2019au paiement de dommages et int\u00e9r\u00eats.<\/p><h3><strong>Acc\u00e8s au site<\/strong><\/h3><p>L\u2019utilisateur du site reconnait disposer de la comp\u00e9tence et des moyens n\u00e9cessaires pour acc\u00e9der et utiliser ce site.<\/p><p>Nous ne saurons \u00eatre tenu responsable des \u00e9l\u00e9ments et \u00e9v\u00e9nements en dehors de son contr\u00f4le li\u00e9s \u00e0 l\u2019utilisation du site et de leurs effets ou des incompatibilit\u00e9s mat\u00e9rielles et\/ou logicielles et des dommages qui pourraient \u00e9ventuellement en r\u00e9sulter pour l\u2019environnement technique de l\u2019utilisateur, notamment pour ses ordinateurs, logiciels, \u00e9quipements r\u00e9seaux et tout autre mat\u00e9riel utilis\u00e9 pour acc\u00e9der ou utiliser le service et\/ou les informations.<\/p><p>Il est rappel\u00e9 que le fait d\u2019acc\u00e9der ou de se maintenir frauduleusement dans un syst\u00e8me informatique, d\u2019entraver ou de fausser le fonctionnement, d\u2019introduire ou de modifier frauduleusement des donn\u00e9es d\u2019un tel syst\u00e8me constitue un d\u00e9lit passible de sanctions p\u00e9nales.<\/p><h3><strong>Liens Hypertextes<\/strong><\/h3><p>Le site autorise la mise en place d\u2019un lien hypertexte portant vers son contenu, sous r\u00e9serve :<\/p><ul><li>d\u2019autorisation du directeur de la publication du site;<\/li><li>de ne pas utiliser la technique du lien profond (\u00ab deep linking \u00bb), c\u2019est-\u00e0-dire que les pages du site ne doivent pas \u00eatre imbriqu\u00e9es \u00e0 l\u2019int\u00e9rieur des pages d\u2019un autre site, mais accessibles par l\u2019ouverture d\u2019une fen\u00eatre d\u00e9di\u00e9e;<\/li><li>de mentionner la source qui pointera gr\u00e2ce \u00e0 un lien hypertexte directement sur le contenu vis\u00e9.<\/li><\/ul><p>Toute utilisation \u00e0 des fins commerciales ou publicitaires est exclue \u00e0 l\u2019exception des dispositions pr\u00e9vues.<\/p><p>Cette autorisation ne s\u2019applique pas aux sites Internet diffusant des informations \u00e0 caract\u00e8re pol\u00e9mique, pornographique, x\u00e9nophobe ou pouvant, dans une large mesure, porter atteinte \u00e0 la sensibilit\u00e9 du plus grand nombre.<\/p><p>Nous d\u00e9clinons toute responsabilit\u00e9 quant au contenu des sites propos\u00e9s en liens, quel que soit le type de lien \u00e9tabli \u00e0 partir du pr\u00e9sent site.<\/p><p>Nous nous r\u00e9servons le droit de nous opposer \u00e0 son \u00e9tablissement.<\/p><p><!-- notionvc: 3d657317-3a12-43d5-9249-dbca68e55dbe --><\/p>\t\t\t\t\t\t\t\t<\/div>\n\t\t\t\t<div class=\"elementor-element elementor-element-3d20a7b elementor-widget elementor-widget-spacer\" data-id=\"3d20a7b\" data-element_type=\"widget\" data-e-type=\"widget\" data-widget_type=\"spacer.default\">\n\t\t\t\t\t\t\t<div class=\"elementor-spacer\">\n\t\t\t<div class=\"elementor-spacer-inner\"><\/div>\n\t\t<\/div>\n\t\t\t\t\t\t<\/div>\n\t\t\t\t\t<\/div>\n\t\t\t\t<\/div>\n\t\t\t\t<\/div>\n\t\t","protected":false},"excerpt":{"rendered":"<p>Mentions l\u00e9gales du site Internet \u00ab Transcan Groupe \u00bb Transcan Groupe Adresse : ZI de Carros, Angle 18eme rue et 5eme Avenue, 06510 Le Broc \u2013 France. T\u00e9l : 04 93 29 00 75 Fax : 04 93 29 00 76 E-mail :\u00a0contact@transcan.fr Directeur de la publication, responsable l\u00e9gal et responsable \u00e9ditorial : Mr. Franck [&hellip;]<\/p>\n","protected":false},"author":1,"featured_media":0,"parent":0,"menu_order":0,"comment_status":"closed","ping_status":"closed","template":"","meta":{"footnotes":""},"class_list":["post-639","page","type-page","status-publish","hentry"],"_links":{"self":[{"href":"https:\/\/preprod.transcan.fr\/index.php?rest_route=\/wp\/v2\/pages\/639","targetHints":{"allow":["GET"]}}],"collection":[{"href":"https:\/\/preprod.transcan.fr\/index.php?rest_route=\/wp\/v2\/pages"}],"about":[{"href":"https:\/\/preprod.transcan.fr\/index.php?rest_route=\/wp\/v2\/types\/page"}],"author":[{"embeddable":true,"href":"https:\/\/preprod.transcan.fr\/index.php?rest_route=\/wp\/v2\/users\/1"}],"replies":[{"embeddable":true,"href":"https:\/\/preprod.transcan.fr\/index.php?rest_route=%2Fwp%2Fv2%2Fcomments&post=639"}],"version-history":[{"count":13,"href":"https:\/\/preprod.transcan.fr\/index.php?rest_route=\/wp\/v2\/pages\/639\/revisions"}],"predecessor-version":[{"id":1627,"href":"https:\/\/preprod.transcan.fr\/index.php?rest_route=\/wp\/v2\/pages\/639\/revisions\/1627"}],"wp:attachment":[{"href":"https:\/\/preprod.transcan.fr\/index.php?rest_route=%2Fwp%2Fv2%2Fmedia&parent=639"}],"curies":[{"name":"wp","href":"https:\/\/api.w.org\/{rel}","templated":true}]}}