{"id":652,"date":"2026-03-12T10:28:56","date_gmt":"2026-03-12T10:28:56","guid":{"rendered":"https:\/\/preprod.transcan.fr\/?page_id=652"},"modified":"2026-03-23T14:58:31","modified_gmt":"2026-03-23T14:58:31","slug":"presentation-generale","status":"publish","type":"page","link":"https:\/\/preprod.transcan.fr\/?page_id=652","title":{"rendered":"Pr\u00e9sentation g\u00e9n\u00e9rale"},"content":{"rendered":"\t\t<div data-elementor-type=\"wp-page\" data-elementor-id=\"652\" class=\"elementor elementor-652\" data-elementor-post-type=\"page\">\n\t\t\t\t<div class=\"elementor-element elementor-element-7fbee10 e-flex e-con-boxed e-con e-parent\" data-id=\"7fbee10\" data-element_type=\"container\" data-e-type=\"container\" data-settings=\"{&quot;background_background&quot;:&quot;classic&quot;}\">\n\t\t\t\t\t<div class=\"e-con-inner\">\n\t\t\t\t<div class=\"elementor-element elementor-element-6e38588 elementor-widget elementor-widget-spacer\" data-id=\"6e38588\" data-element_type=\"widget\" data-e-type=\"widget\" data-widget_type=\"spacer.default\">\n\t\t\t\t\t\t\t<div class=\"elementor-spacer\">\n\t\t\t<div class=\"elementor-spacer-inner\"><\/div>\n\t\t<\/div>\n\t\t\t\t\t\t<\/div>\n\t\t\t\t<div class=\"elementor-element elementor-element-726d41d elementor-widget elementor-widget-heading\" data-id=\"726d41d\" data-element_type=\"widget\" data-e-type=\"widget\" data-widget_type=\"heading.default\">\n\t\t\t\t\t<h2 class=\"elementor-heading-title elementor-size-default\">Pr\u00e9sentation g\u00e9n\u00e9rale<\/h2>\t\t\t\t<\/div>\n\t\t\t\t<div class=\"elementor-element elementor-element-86c0d3f elementor-widget elementor-widget-text-editor\" data-id=\"86c0d3f\" data-element_type=\"widget\" data-e-type=\"widget\" data-widget_type=\"text-editor.default\">\n\t\t\t\t\t\t\t\t\t<p>Pr\u00eat(e) \u00e0 en savoir plus ?<\/p>\t\t\t\t\t\t\t\t<\/div>\n\t\t\t\t<div class=\"elementor-element elementor-element-247a9b5 elementor-widget elementor-widget-spacer\" data-id=\"247a9b5\" data-element_type=\"widget\" data-e-type=\"widget\" data-widget_type=\"spacer.default\">\n\t\t\t\t\t\t\t<div class=\"elementor-spacer\">\n\t\t\t<div class=\"elementor-spacer-inner\"><\/div>\n\t\t<\/div>\n\t\t\t\t\t\t<\/div>\n\t\t\t\t\t<\/div>\n\t\t\t\t<\/div>\n\t\t<div class=\"elementor-element elementor-element-ff1124b e-flex e-con-boxed e-con e-parent\" data-id=\"ff1124b\" data-element_type=\"container\" data-e-type=\"container\">\n\t\t\t\t\t<div class=\"e-con-inner\">\n\t\t\t\t<div class=\"elementor-element elementor-element-adc6a1e elementor-widget elementor-widget-spacer\" data-id=\"adc6a1e\" data-element_type=\"widget\" data-e-type=\"widget\" data-widget_type=\"spacer.default\">\n\t\t\t\t\t\t\t<div class=\"elementor-spacer\">\n\t\t\t<div class=\"elementor-spacer-inner\"><\/div>\n\t\t<\/div>\n\t\t\t\t\t\t<\/div>\n\t\t\t\t<div class=\"elementor-element elementor-element-2f1ed2f elementor-widget elementor-widget-text-editor\" data-id=\"2f1ed2f\" data-element_type=\"widget\" data-e-type=\"widget\" data-widget_type=\"text-editor.default\">\n\t\t\t\t\t\t\t\t\t<p>La soci\u00e9t\u00e9 TRANSCAN est une entreprise familiale fond\u00e9e en 2001 par son G\u00e9rant en exercice, Monsieur Franck CANNATA qui \u00e9volue sur le march\u00e9 du Transport et de la Logistique.<\/p><p>Son implantation strat\u00e9gique, au c\u0153ur de la Zone Industrielle la plus importante des Alpes-Maritimes et plus r\u00e9cemment au PAL ST ISIDORE, permet de r\u00e9pondre aux attentes et demandes de ses clients au travers des diff\u00e9rentes activit\u00e9s propos\u00e9es.<\/p><p>Le\u00a0<a href=\"https:\/\/www.transcan.fr\/\"><strong>GROUPE TRANSCAN<\/strong><\/a>, holding animatrice, est arriv\u00e9e quelques ann\u00e9es plus tard. Il anime l\u2019ensemble des filiales du Groupe et d\u00e9tient pr\u00e8s de 100% des parts de chacune d\u2019entre elles. Le GROUPE comptabilise 350 salari\u00e9s et 250 cartes grises au total et voit sa croissance \u00e9voluer chaque ann\u00e9e de 15% environ.<\/p><p>Les filiales\u00a0<a href=\"https:\/\/www.transcan.fr\/route\/\"><strong>TRANSCAN ROUTE<\/strong><\/a>\u00a0effectuent les transports en semi-remorques principalement en local et r\u00e9gional. Elles poss\u00e8dent une flotte de 50 v\u00e9hicules moteurs et 150 semi-remorques.<\/p><p>La filiale\u00a0<a href=\"https:\/\/www.transcan.fr\/livraison\/\"><strong>TRANSCAN<\/strong>\u00a0<strong>LIVRAISONS<\/strong><\/a>\u00a0effectue des transports principalement pour les particuliers en local, des typologies de transports sp\u00e9cifiques allant de la manutention traditionnelle au montage de meubles. Elle poss\u00e8de une flotte de 20 Porteurs et 30 VL.<\/p><p><a href=\"https:\/\/www.transcan.fr\/eco-city\/\"><strong>TRANSCAN ECO CITY<\/strong><\/a>, notre toute derni\u00e8re filiale, \u0153uvre pour une logistique urbaine verte et vertueuse sur son territoire, avec le tri des colis de plusieurs transporteurs gr\u00e2ce \u00e0 notre chaine de tri haute performance situ\u00e9 sur notre d\u00e9p\u00f4t au PAL. La mutualisation de ceux-ci et la r\u00e9partition des colis dans nos diff\u00e9rents HUBS INTERURBAINS \u00e0 destination de tourn\u00e9es de livraison du dernier kilom\u00e8tre en v\u00e9los \u00e9lectriques.<\/p><p>La filiale\u00a0<a href=\"https:\/\/www.transcan.fr\/affretement\/\"><strong>TRANSCAN AFFR\u00c8TEMENT<\/strong><\/a>\u00a0permet de confier \u00e0 des partenaires les transports que nous ne pouvons pas assurer. Nous essayons de travailler avec des clients \u00e0 valeur ajout\u00e9e, sur des probl\u00e9matiques de transport sp\u00e9cifiques.<\/p><p>La filiale\u00a0<a href=\"https:\/\/www.transcan.fr\/logistique\/\"><strong>TRANSCAN<\/strong>\u00a0<strong>LOGISTIQUE<\/strong><\/a>\u00a0dite industrielle permet de stocker les palettes et colis, toute capacit\u00e9 confondue, gr\u00e2ce \u00e0 nos 15 d\u00e9p\u00f4ts logistique et nos 90 000 m\u00b2 d\u2019entreposage. Elle dispose de mat\u00e9riels et syst\u00e8mes informatiques r\u00e9cents toute derni\u00e8re technologie nous permettant une meilleure r\u00e9activit\u00e9.<\/p><p>La filiale\u00a0<a href=\"https:\/\/www.transcan.fr\/e-commerce\/\"><strong>TRANSCAN ECOMMERCE<\/strong><\/a>\u00a0permet de r\u00e9pondre aux clients e-commer\u00e7ants en stockant leurs marchandises, pr\u00e9parant les commandes pass\u00e9es sur leurs sites internet et exp\u00e9diant les colis au travers de partenaires sp\u00e9cifiques d\u00e9di\u00e9s.<\/p><p>Cr\u00e9\u00e9e en 1956 l\u2019entreprise\u00a0<a href=\"https:\/\/www.transcan.fr\/galot\/\"><strong>TRANSPORTS GALOT<\/strong><\/a>, acquise par le GROUPE TRANSCAN en 2023 devenue la filiale\u00a0<a href=\"https:\/\/www.transcan.fr\/galot\/\"><strong>TRANSPORTS GALOT<\/strong><\/a>, est implant\u00e9e sur le secteur Grassois. L\u2019entit\u00e9 sp\u00e9cialis\u00e9e, appr\u00e9ci\u00e9e et investie sur ce territoire, assure aux entreprises azur\u00e9ennes des services de transport et stockage temporaire efficaces et rapides au d\u00e9part des Alpes-Maritimes ou du Var vers la France et l\u2019Europe.<\/p><p>Le <strong><a href=\"https:\/\/www.transcan.fr\/\">GROUPE TRANSCAN<\/a><\/strong>\u00a0est en constante recherche de solutions et de services innovants au service du client. La gestion du dernier kilom\u00e8tre et sa desserte de l\u2019agglom\u00e9ration ni\u00e7oise est le tout dernier d\u00e9fi que s\u2019est lanc\u00e9 Franck CANNATA.<\/p><p><!-- notionvc: 30ea249d-5859-40a6-98c8-353e1f8fd112 --><\/p>\t\t\t\t\t\t\t\t<\/div>\n\t\t\t\t<div class=\"elementor-element elementor-element-b3a287f elementor-widget elementor-widget-spacer\" data-id=\"b3a287f\" data-element_type=\"widget\" data-e-type=\"widget\" data-widget_type=\"spacer.default\">\n\t\t\t\t\t\t\t<div class=\"elementor-spacer\">\n\t\t\t<div class=\"elementor-spacer-inner\"><\/div>\n\t\t<\/div>\n\t\t\t\t\t\t<\/div>\n\t\t\t\t\t<\/div>\n\t\t\t\t<\/div>\n\t\t\t\t<\/div>\n\t\t","protected":false},"excerpt":{"rendered":"<p>Pr\u00e9sentation g\u00e9n\u00e9rale Pr\u00eat(e) \u00e0 en savoir plus ? La soci\u00e9t\u00e9 TRANSCAN est une entreprise familiale fond\u00e9e en 2001 par son G\u00e9rant en exercice, Monsieur Franck CANNATA qui \u00e9volue sur le march\u00e9 du Transport et de la Logistique. Son implantation strat\u00e9gique, au c\u0153ur de la Zone Industrielle la plus importante des Alpes-Maritimes et plus r\u00e9cemment au [&hellip;]<\/p>\n","protected":false},"author":1,"featured_media":0,"parent":0,"menu_order":0,"comment_status":"closed","ping_status":"closed","template":"","meta":{"footnotes":""},"class_list":["post-652","page","type-page","status-publish","hentry"],"_links":{"self":[{"href":"https:\/\/preprod.transcan.fr\/index.php?rest_route=\/wp\/v2\/pages\/652","targetHints":{"allow":["GET"]}}],"collection":[{"href":"https:\/\/preprod.transcan.fr\/index.php?rest_route=\/wp\/v2\/pages"}],"about":[{"href":"https:\/\/preprod.transcan.fr\/index.php?rest_route=\/wp\/v2\/types\/page"}],"author":[{"embeddable":true,"href":"https:\/\/preprod.transcan.fr\/index.php?rest_route=\/wp\/v2\/users\/1"}],"replies":[{"embeddable":true,"href":"https:\/\/preprod.transcan.fr\/index.php?rest_route=%2Fwp%2Fv2%2Fcomments&post=652"}],"version-history":[{"count":13,"href":"https:\/\/preprod.transcan.fr\/index.php?rest_route=\/wp\/v2\/pages\/652\/revisions"}],"predecessor-version":[{"id":1698,"href":"https:\/\/preprod.transcan.fr\/index.php?rest_route=\/wp\/v2\/pages\/652\/revisions\/1698"}],"wp:attachment":[{"href":"https:\/\/preprod.transcan.fr\/index.php?rest_route=%2Fwp%2Fv2%2Fmedia&parent=652"}],"curies":[{"name":"wp","href":"https:\/\/api.w.org\/{rel}","templated":true}]}}