{"id":912,"date":"2026-03-16T11:24:49","date_gmt":"2026-03-16T11:24:49","guid":{"rendered":"https:\/\/preprod.transcan.fr\/?page_id=912"},"modified":"2026-03-30T13:48:32","modified_gmt":"2026-03-30T13:48:32","slug":"nos-hubs","status":"publish","type":"page","link":"https:\/\/preprod.transcan.fr\/?page_id=912","title":{"rendered":"Nos hubs"},"content":{"rendered":"\t\t<div data-elementor-type=\"wp-page\" data-elementor-id=\"912\" class=\"elementor elementor-912\" data-elementor-post-type=\"page\">\n\t\t\t\t<div class=\"elementor-element elementor-element-daafc3b e-con-full e-flex e-con e-parent\" data-id=\"daafc3b\" data-element_type=\"container\" data-e-type=\"container\" data-settings=\"{&quot;background_background&quot;:&quot;classic&quot;}\">\n\t\t\t\t<\/div>\n\t\t<div class=\"elementor-element elementor-element-f4faefa e-flex e-con-boxed e-con e-parent\" data-id=\"f4faefa\" data-element_type=\"container\" data-e-type=\"container\">\n\t\t\t\t\t<div class=\"e-con-inner\">\n\t\t\t\t<div class=\"elementor-element elementor-element-8ae8dca elementor-widget elementor-widget-spacer\" data-id=\"8ae8dca\" data-element_type=\"widget\" data-e-type=\"widget\" data-widget_type=\"spacer.default\">\n\t\t\t\t\t\t\t<div class=\"elementor-spacer\">\n\t\t\t<div class=\"elementor-spacer-inner\"><\/div>\n\t\t<\/div>\n\t\t\t\t\t\t<\/div>\n\t\t\t\t<div class=\"elementor-element elementor-element-6032104 elementor-widget elementor-widget-heading\" data-id=\"6032104\" data-element_type=\"widget\" data-e-type=\"widget\" data-widget_type=\"heading.default\">\n\t\t\t\t\t<h2 class=\"elementor-heading-title elementor-size-default\">Nos hubs<\/h2>\t\t\t\t<\/div>\n\t\t\t\t<div class=\"elementor-element elementor-element-a412fc4 elementor-widget-divider--view-line elementor-widget elementor-widget-divider\" data-id=\"a412fc4\" data-element_type=\"widget\" data-e-type=\"widget\" data-widget_type=\"divider.default\">\n\t\t\t\t\t\t\t<div class=\"elementor-divider\">\n\t\t\t<span class=\"elementor-divider-separator\">\n\t\t\t\t\t\t<\/span>\n\t\t<\/div>\n\t\t\t\t\t\t<\/div>\n\t\t\t\t<div class=\"elementor-element elementor-element-992fcce elementor-widget elementor-widget-text-editor\" data-id=\"992fcce\" data-element_type=\"widget\" data-e-type=\"widget\" data-widget_type=\"text-editor.default\">\n\t\t\t\t\t\t\t\t\t<p>Chez Transcan, nos centres \u00c9co\u202fCity ne sont pas de simples points de retrait ou des boutiques, ce sont de vraies infrastructures urbaines au c\u0153ur de la logistique durable.<\/p><p><strong>Alors qu\u2019est-ce qu\u2019un hub ?<\/strong><\/p><p>C\u2019est un lieu strat\u00e9gique o\u00f9 nous regroupons, mutualisons et trions les marchandises provenant de diff\u00e9rents transporteurs au PAL de Saint\u2011Isidore, r\u00e9partissons ces volumes vers les zones urbaines et lan\u00e7ons les livraisons finales en v\u00e9lo\u2011cargo \u00e9lectrique pour une mobilit\u00e9 propre et efficace en centre-ville.<\/p><p>Dans cette logique, nos hubs sont bien plus que des points de service : ce sont des points de rupture de charge o\u00f9 la logistique lourde c\u00e8de le relais \u00e0 la logistique douce, des carrefours urbains contribuant \u00e0 r\u00e9duire les \u00e9missions de CO\u2082, d\u00e9sengorger les centres\u2011villes et limiter la pollution sonore, et des plateformes d\u2019optimisation des flux permettant une logistique de proximit\u00e9 plus intelligente, plus verte et plus responsable.<\/p><p><!-- notionvc: e5cd5799-0107-4070-b92c-6ce5761693f8 --><\/p>\t\t\t\t\t\t\t\t<\/div>\n\t\t\t\t<div class=\"elementor-element elementor-element-b98c0af elementor-widget elementor-widget-spacer\" data-id=\"b98c0af\" data-element_type=\"widget\" data-e-type=\"widget\" data-widget_type=\"spacer.default\">\n\t\t\t\t\t\t\t<div class=\"elementor-spacer\">\n\t\t\t<div class=\"elementor-spacer-inner\"><\/div>\n\t\t<\/div>\n\t\t\t\t\t\t<\/div>\n\t\t\t\t\t<\/div>\n\t\t\t\t<\/div>\n\t\t<div class=\"elementor-element elementor-element-57c16bb e-flex e-con-boxed e-con e-parent\" data-id=\"57c16bb\" data-element_type=\"container\" data-e-type=\"container\">\n\t\t\t\t\t<div class=\"e-con-inner\">\n\t\t<div class=\"elementor-element elementor-element-87f07eb e-con-full e-flex e-con e-child\" data-id=\"87f07eb\" data-element_type=\"container\" data-e-type=\"container\">\n\t\t\t\t<div class=\"elementor-element elementor-element-5b9398a elementor-widget elementor-widget-image\" data-id=\"5b9398a\" data-element_type=\"widget\" data-e-type=\"widget\" data-widget_type=\"image.default\">\n\t\t\t\t\t\t\t\t\t\t\t\t\t\t\t<img decoding=\"async\" src=\"https:\/\/preprod.transcan.fr\/wp-content\/plugins\/elementor\/assets\/images\/placeholder.png\" title=\"\" alt=\"\" loading=\"lazy\" \/>\t\t\t\t\t\t\t\t\t\t\t\t\t\t\t<\/div>\n\t\t\t\t<div class=\"elementor-element elementor-element-ca3fd39 elementor-widget elementor-widget-heading\" data-id=\"ca3fd39\" data-element_type=\"widget\" data-e-type=\"widget\" data-widget_type=\"heading.default\">\n\t\t\t\t\t<h2 class=\"elementor-heading-title elementor-size-default\">Hub Marceau<\/h2>\t\t\t\t<\/div>\n\t\t\t\t<div class=\"elementor-element elementor-element-6399673 elementor-widget elementor-widget-text-editor\" data-id=\"6399673\" data-element_type=\"widget\" data-e-type=\"widget\" data-widget_type=\"text-editor.default\">\n\t\t\t\t\t\t\t\t\t<div class=\"Tolbie\"><div class=\"F2yIXb\"><a href=\"https:\/\/www.google.com\/maps\/place\/\/data=!4m2!3m1!1s0x12cddbcaec0ca86f:0xe5e555b0e884509b?sa=X&amp;ved=1t:8290&amp;ictx=111\">21 Rue Marceau, 06000 Nice<\/a><\/div><div class=\"F2yIXb\"><span style=\"font-size: 16px;\">04 89 97 76 38<\/span><\/div><div class=\"F2yIXb\"><span style=\"font-size: 16px;\">hub.marceau@transcan.fr<\/span><\/div><\/div><div>\u00a0<\/div><ul><li>Livraison en v\u00e9lo cargo \u00e9lectrique<\/li><li>Stockage<\/li><li>Lockers<\/li><li>Point relais<\/li><\/ul>\t\t\t\t\t\t\t\t<\/div>\n\t\t\t\t<div class=\"elementor-element elementor-element-94f3ee4 elementor-widget elementor-widget-image\" data-id=\"94f3ee4\" data-element_type=\"widget\" data-e-type=\"widget\" data-widget_type=\"image.default\">\n\t\t\t\t\t\t\t\t\t\t\t\t\t\t\t<img decoding=\"async\" src=\"https:\/\/preprod.transcan.fr\/wp-content\/plugins\/elementor\/assets\/images\/placeholder.png\" title=\"\" alt=\"\" loading=\"lazy\" \/>\t\t\t\t\t\t\t\t\t\t\t\t\t\t\t<\/div>\n\t\t\t\t<div class=\"elementor-element elementor-element-983436a elementor-widget elementor-widget-heading\" data-id=\"983436a\" data-element_type=\"widget\" data-e-type=\"widget\" data-widget_type=\"heading.default\">\n\t\t\t\t\t<h2 class=\"elementor-heading-title elementor-size-default\">Hub Beaumont<\/h2>\t\t\t\t<\/div>\n\t\t\t\t<div class=\"elementor-element elementor-element-0317a00 elementor-widget elementor-widget-text-editor\" data-id=\"0317a00\" data-element_type=\"widget\" data-e-type=\"widget\" data-widget_type=\"text-editor.default\">\n\t\t\t\t\t\t\t\t\t<div><p><a href=\"https:\/\/www.google.com\/maps\/place\/\/data=!4m2!3m1!1s0x12cddb90fad469b5:0x2190f10e5fc80611?sa=X&amp;ved=1t:8290&amp;ictx=111\" target=\"_blank\" rel=\"noopener\">60 Rue Beaumont, 06300 Nice<\/a><\/p><p><span style=\"font-style: inherit; font-weight: inherit;\">04 89 97 76 39<\/span><\/p><p>hub.beaumont@transcan.fr<\/p><\/div><ul><li>Livraison en v\u00e9lo cargo \u00e9lectrique<\/li><li>Stockage<\/li><li>Lockers<\/li><li>Point relais<\/li><\/ul>\t\t\t\t\t\t\t\t<\/div>\n\t\t\t\t<div class=\"elementor-element elementor-element-fa8e3ce elementor-widget elementor-widget-spacer\" data-id=\"fa8e3ce\" data-element_type=\"widget\" data-e-type=\"widget\" data-widget_type=\"spacer.default\">\n\t\t\t\t\t\t\t<div class=\"elementor-spacer\">\n\t\t\t<div class=\"elementor-spacer-inner\"><\/div>\n\t\t<\/div>\n\t\t\t\t\t\t<\/div>\n\t\t\t\t<div class=\"elementor-element elementor-element-b6507b1 elementor-widget elementor-widget-image\" data-id=\"b6507b1\" data-element_type=\"widget\" data-e-type=\"widget\" data-widget_type=\"image.default\">\n\t\t\t\t\t\t\t\t\t\t\t\t\t\t\t<img decoding=\"async\" src=\"https:\/\/preprod.transcan.fr\/wp-content\/plugins\/elementor\/assets\/images\/placeholder.png\" title=\"\" alt=\"\" loading=\"lazy\" \/>\t\t\t\t\t\t\t\t\t\t\t\t\t\t\t<\/div>\n\t\t\t\t<div class=\"elementor-element elementor-element-456bac6 elementor-widget elementor-widget-heading\" data-id=\"456bac6\" data-element_type=\"widget\" data-e-type=\"widget\" data-widget_type=\"heading.default\">\n\t\t\t\t\t<h2 class=\"elementor-heading-title elementor-size-default\">Hub Massena<\/h2>\t\t\t\t<\/div>\n\t\t\t\t<div class=\"elementor-element elementor-element-0013e0e elementor-widget elementor-widget-text-editor\" data-id=\"0013e0e\" data-element_type=\"widget\" data-e-type=\"widget\" data-widget_type=\"text-editor.default\">\n\t\t\t\t\t\t\t\t\t<ul><li>Livraison en v\u00e9lo cargo \u00e9lectrique<\/li><li>Stockage<\/li><li>Lockers<\/li><li>Point relais<\/li><\/ul>\t\t\t\t\t\t\t\t<\/div>\n\t\t\t\t<\/div>\n\t\t<div class=\"elementor-element elementor-element-6b2aef8 e-con-full e-flex e-con e-child\" data-id=\"6b2aef8\" data-element_type=\"container\" data-e-type=\"container\">\n\t\t\t\t<div class=\"elementor-element elementor-element-09585a6 elementor-widget elementor-widget-image\" data-id=\"09585a6\" data-element_type=\"widget\" data-e-type=\"widget\" data-widget_type=\"image.default\">\n\t\t\t\t\t\t\t\t\t\t\t\t\t\t\t<img decoding=\"async\" src=\"https:\/\/preprod.transcan.fr\/wp-content\/plugins\/elementor\/assets\/images\/placeholder.png\" title=\"\" alt=\"\" loading=\"lazy\" \/>\t\t\t\t\t\t\t\t\t\t\t\t\t\t\t<\/div>\n\t\t\t\t<div class=\"elementor-element elementor-element-5b00926 elementor-widget elementor-widget-heading\" data-id=\"5b00926\" data-element_type=\"widget\" data-e-type=\"widget\" data-widget_type=\"heading.default\">\n\t\t\t\t\t<h2 class=\"elementor-heading-title elementor-size-default\">Hub Gambetta<\/h2>\t\t\t\t<\/div>\n\t\t\t\t<div class=\"elementor-element elementor-element-6fc59e1 elementor-widget elementor-widget-text-editor\" data-id=\"6fc59e1\" data-element_type=\"widget\" data-e-type=\"widget\" data-widget_type=\"text-editor.default\">\n\t\t\t\t\t\t\t\t\t<div class=\"Tolbie\"><div class=\"F2yIXb\"><a style=\"background-color: #ffffff;\" href=\"https:\/\/www.google.com\/maps\/place\/\/data=!4m2!3m1!1s0x12cdd1ed26a799e1:0x8c02b36f278e089d?sa=X&amp;ved=1t:8290&amp;ictx=111\" target=\"_blank\" rel=\"noopener\">81 Bd Gambetta, 06000 Nice<\/a><\/div><div class=\"F2yIXb\">04 89 97 76 37<\/div><\/div><p class=\"cvGsUA direction-ltr align-start para-style-body\"><span class=\"a_GcMg font-feature-liga-off font-feature-clig-off font-feature-calt-off text-decoration-none text-strikethrough-none\">gambetta@transcan.fr<\/span><\/p><p>\u00a0<\/p><ul><li>Livraison en v\u00e9lo cargo \u00e9lectrique<\/li><li>Stockage<\/li><li>Lockers<\/li><li>Point relais<\/li><\/ul>\t\t\t\t\t\t\t\t<\/div>\n\t\t\t\t<div class=\"elementor-element elementor-element-148ccd2 elementor-widget elementor-widget-image\" data-id=\"148ccd2\" data-element_type=\"widget\" data-e-type=\"widget\" data-widget_type=\"image.default\">\n\t\t\t\t\t\t\t\t\t\t\t\t\t\t\t<img decoding=\"async\" src=\"https:\/\/preprod.transcan.fr\/wp-content\/plugins\/elementor\/assets\/images\/placeholder.png\" title=\"\" alt=\"\" loading=\"lazy\" \/>\t\t\t\t\t\t\t\t\t\t\t\t\t\t\t<\/div>\n\t\t\t\t<div class=\"elementor-element elementor-element-6b1f018 elementor-widget elementor-widget-heading\" data-id=\"6b1f018\" data-element_type=\"widget\" data-e-type=\"widget\" data-widget_type=\"heading.default\">\n\t\t\t\t\t<h2 class=\"elementor-heading-title elementor-size-default\">Hub Cannes<\/h2>\t\t\t\t<\/div>\n\t\t\t\t<div class=\"elementor-element elementor-element-013e46f elementor-widget elementor-widget-text-editor\" data-id=\"013e46f\" data-element_type=\"widget\" data-e-type=\"widget\" data-widget_type=\"text-editor.default\">\n\t\t\t\t\t\t\t\t\t<div><a style=\"background-color: #ffffff;\" href=\"https:\/\/www.google.com\/maps\/place\/\/data=!4m2!3m1!1s0x12ce81c47b3afa55:0x60dcc63c7edaa58e?sa=X&amp;ved=1t:8290&amp;ictx=111\" target=\"_blank\" rel=\"noopener\">1 Rue Marcellin Berthelot, 06400 Cannes<\/a><\/div><div>04 89 97 76 40<\/div><p>hub.cannes@transcan.fr<\/p><p>\u00a0<\/p><ul><li>Livraison en v\u00e9lo cargo \u00e9lectrique<\/li><li>Stockage<\/li><li>Lockers<\/li><li>Point relais<\/li><\/ul>\t\t\t\t\t\t\t\t<\/div>\n\t\t\t\t<\/div>\n\t\t\t\t\t<\/div>\n\t\t\t\t<\/div>\n\t\t<div class=\"elementor-element elementor-element-6aec81f e-flex e-con-boxed e-con e-parent\" data-id=\"6aec81f\" data-element_type=\"container\" data-e-type=\"container\">\n\t\t\t\t\t<div class=\"e-con-inner\">\n\t\t\t\t<div class=\"elementor-element elementor-element-f0472ba elementor-widget elementor-widget-spacer\" data-id=\"f0472ba\" data-element_type=\"widget\" data-e-type=\"widget\" data-widget_type=\"spacer.default\">\n\t\t\t\t\t\t\t<div class=\"elementor-spacer\">\n\t\t\t<div class=\"elementor-spacer-inner\"><\/div>\n\t\t<\/div>\n\t\t\t\t\t\t<\/div>\n\t\t\t\t\t<\/div>\n\t\t\t\t<\/div>\n\t\t<div class=\"elementor-element elementor-element-ec1cb44 e-flex e-con-boxed e-con e-parent\" data-id=\"ec1cb44\" data-element_type=\"container\" data-e-type=\"container\">\n\t\t\t\t\t<div class=\"e-con-inner\">\n\t\t\t\t<div class=\"elementor-element elementor-element-ffcd373 elementor-widget-divider--view-line elementor-widget elementor-widget-divider\" data-id=\"ffcd373\" data-element_type=\"widget\" data-e-type=\"widget\" data-widget_type=\"divider.default\">\n\t\t\t\t\t\t\t<div class=\"elementor-divider\">\n\t\t\t<span class=\"elementor-divider-separator\">\n\t\t\t\t\t\t<\/span>\n\t\t<\/div>\n\t\t\t\t\t\t<\/div>\n\t\t\t\t<div class=\"elementor-element elementor-element-5b99378 elementor-widget elementor-widget-heading\" data-id=\"5b99378\" data-element_type=\"widget\" data-e-type=\"widget\" data-widget_type=\"heading.default\">\n\t\t\t\t\t<h2 class=\"elementor-heading-title elementor-size-default\">D\u00e9couvrez notre partenaire Innbox<\/h2>\t\t\t\t<\/div>\n\t\t\t\t<div class=\"elementor-element elementor-element-aeaa976 elementor-widget elementor-widget-text-editor\" data-id=\"aeaa976\" data-element_type=\"widget\" data-e-type=\"widget\" data-widget_type=\"text-editor.default\">\n\t\t\t\t\t\t\t\t\t<p>Gr\u00e2ce \u00e0 notre partenariat avec Innbox, profitez directement dans nos hubs d\u2019une solution de stockage pratique, s\u00e9curis\u00e9e et facilement accessible pour simplifier votre quotidien.<\/p>\t\t\t\t\t\t\t\t<\/div>\n\t\t\t\t<div class=\"elementor-element elementor-element-79d5a7a elementor-widget elementor-widget-spacer\" data-id=\"79d5a7a\" data-element_type=\"widget\" data-e-type=\"widget\" data-widget_type=\"spacer.default\">\n\t\t\t\t\t\t\t<div class=\"elementor-spacer\">\n\t\t\t<div class=\"elementor-spacer-inner\"><\/div>\n\t\t<\/div>\n\t\t\t\t\t\t<\/div>\n\t\t\t\t\t<\/div>\n\t\t\t\t<\/div>\n\t\t<div class=\"elementor-element elementor-element-d0a68c5 e-flex e-con-boxed e-con e-parent\" data-id=\"d0a68c5\" data-element_type=\"container\" data-e-type=\"container\" data-settings=\"{&quot;background_background&quot;:&quot;classic&quot;}\">\n\t\t\t\t\t<div class=\"e-con-inner\">\n\t\t<div class=\"elementor-element elementor-element-15ae8ff e-con-full e-flex e-con e-child\" data-id=\"15ae8ff\" data-element_type=\"container\" data-e-type=\"container\">\n\t\t\t\t<div class=\"elementor-element elementor-element-85da01c elementor-widget elementor-widget-image\" data-id=\"85da01c\" data-element_type=\"widget\" data-e-type=\"widget\" data-widget_type=\"image.default\">\n\t\t\t\t\t\t\t\t\t\t\t\t\t\t\t<img fetchpriority=\"high\" decoding=\"async\" width=\"1062\" height=\"708\" src=\"https:\/\/preprod.transcan.fr\/wp-content\/uploads\/2026\/03\/Antibes-INNBOX-Final-WEB-V3-5-1.jpg\" class=\"attachment-full size-full wp-image-1668\" alt=\"\" srcset=\"https:\/\/preprod.transcan.fr\/wp-content\/uploads\/2026\/03\/Antibes-INNBOX-Final-WEB-V3-5-1.jpg 1062w, https:\/\/preprod.transcan.fr\/wp-content\/uploads\/2026\/03\/Antibes-INNBOX-Final-WEB-V3-5-1-300x200.jpg 300w, https:\/\/preprod.transcan.fr\/wp-content\/uploads\/2026\/03\/Antibes-INNBOX-Final-WEB-V3-5-1-1024x683.jpg 1024w, https:\/\/preprod.transcan.fr\/wp-content\/uploads\/2026\/03\/Antibes-INNBOX-Final-WEB-V3-5-1-768x512.jpg 768w\" sizes=\"(max-width: 1062px) 100vw, 1062px\" \/>\t\t\t\t\t\t\t\t\t\t\t\t\t\t\t<\/div>\n\t\t\t\t<\/div>\n\t\t<div class=\"elementor-element elementor-element-61e579e e-con-full e-flex e-con e-child\" data-id=\"61e579e\" data-element_type=\"container\" data-e-type=\"container\">\n\t\t<div class=\"elementor-element elementor-element-523ec1e e-con-full e-flex e-con e-child\" data-id=\"523ec1e\" data-element_type=\"container\" data-e-type=\"container\">\n\t\t\t\t<div class=\"elementor-element elementor-element-eaa6dab elementor-widget elementor-widget-text-editor\" data-id=\"eaa6dab\" data-element_type=\"widget\" data-e-type=\"widget\" data-widget_type=\"text-editor.default\">\n\t\t\t\t\t\t\t\t\t<p data-start=\"143\" data-end=\"272\">Besoin de place sans vous compliquer la vie ? <strong>Innbox<\/strong> vous propose une solution de stockage pratique, flexible et 100 % s\u00e9curis\u00e9e.<\/p><p data-start=\"274\" data-end=\"510\"><strong>Stockez vos affaires en toute s\u00e9r\u00e9nit\u00e9 dans des box adapt\u00e9s \u00e0 vos besoins<\/strong>, pour une courte ou longue dur\u00e9e. Que ce soit pour un d\u00e9m\u00e9nagement, un manque de place ou un besoin ponctuel, Innbox s\u2019occupe de tout pour vous simplifier la vie.<\/p><p data-start=\"512\" data-end=\"614\">Acc\u00e8s facile, <strong>s\u00e9curit\u00e9 optimale<\/strong> et <strong>service rapide<\/strong> : avec Innbox, vos biens sont entre de bonnes mains.<\/p><p data-start=\"616\" data-end=\"667\">Gagnez de l\u2019espace chez vous, on s\u2019occupe du reste.<\/p>\t\t\t\t\t\t\t\t<\/div>\n\t\t\t\t<div class=\"elementor-element elementor-element-0a757b0 elementor-widget elementor-widget-button\" data-id=\"0a757b0\" data-element_type=\"widget\" data-e-type=\"widget\" data-widget_type=\"button.default\">\n\t\t\t\t\t\t\t\t\t\t<a class=\"elementor-button elementor-button-link elementor-size-sm\" href=\"https:\/\/www.innbox.fr\/\">\n\t\t\t\t\t\t<span class=\"elementor-button-content-wrapper\">\n\t\t\t\t\t\t\t\t\t<span class=\"elementor-button-text\">D\u00e9couvrir<\/span>\n\t\t\t\t\t<\/span>\n\t\t\t\t\t<\/a>\n\t\t\t\t\t\t\t\t<\/div>\n\t\t\t\t<\/div>\n\t\t\t\t<\/div>\n\t\t\t\t\t<\/div>\n\t\t\t\t<\/div>\n\t\t<div class=\"elementor-element elementor-element-3bf909b e-flex e-con-boxed e-con e-parent\" data-id=\"3bf909b\" data-element_type=\"container\" data-e-type=\"container\">\n\t\t\t\t\t<div class=\"e-con-inner\">\n\t\t\t\t<div class=\"elementor-element elementor-element-bc3b03e elementor-widget elementor-widget-spacer\" data-id=\"bc3b03e\" data-element_type=\"widget\" data-e-type=\"widget\" data-widget_type=\"spacer.default\">\n\t\t\t\t\t\t\t<div class=\"elementor-spacer\">\n\t\t\t<div class=\"elementor-spacer-inner\"><\/div>\n\t\t<\/div>\n\t\t\t\t\t\t<\/div>\n\t\t\t\t\t<\/div>\n\t\t\t\t<\/div>\n\t\t\t\t<\/div>\n\t\t","protected":false},"excerpt":{"rendered":"<p>Nos hubs Chez Transcan, nos centres \u00c9co\u202fCity ne sont pas de simples points de retrait ou des boutiques, ce sont de vraies infrastructures urbaines au c\u0153ur de la logistique durable. Alors qu\u2019est-ce qu\u2019un hub ? C\u2019est un lieu strat\u00e9gique o\u00f9 nous regroupons, mutualisons et trions les marchandises provenant de diff\u00e9rents transporteurs au PAL de Saint\u2011Isidore, [&hellip;]<\/p>\n","protected":false},"author":1,"featured_media":0,"parent":0,"menu_order":0,"comment_status":"closed","ping_status":"closed","template":"","meta":{"footnotes":""},"class_list":["post-912","page","type-page","status-publish","hentry"],"_links":{"self":[{"href":"https:\/\/preprod.transcan.fr\/index.php?rest_route=\/wp\/v2\/pages\/912","targetHints":{"allow":["GET"]}}],"collection":[{"href":"https:\/\/preprod.transcan.fr\/index.php?rest_route=\/wp\/v2\/pages"}],"about":[{"href":"https:\/\/preprod.transcan.fr\/index.php?rest_route=\/wp\/v2\/types\/page"}],"author":[{"embeddable":true,"href":"https:\/\/preprod.transcan.fr\/index.php?rest_route=\/wp\/v2\/users\/1"}],"replies":[{"embeddable":true,"href":"https:\/\/preprod.transcan.fr\/index.php?rest_route=%2Fwp%2Fv2%2Fcomments&post=912"}],"version-history":[{"count":88,"href":"https:\/\/preprod.transcan.fr\/index.php?rest_route=\/wp\/v2\/pages\/912\/revisions"}],"predecessor-version":[{"id":2620,"href":"https:\/\/preprod.transcan.fr\/index.php?rest_route=\/wp\/v2\/pages\/912\/revisions\/2620"}],"wp:attachment":[{"href":"https:\/\/preprod.transcan.fr\/index.php?rest_route=%2Fwp%2Fv2%2Fmedia&parent=912"}],"curies":[{"name":"wp","href":"https:\/\/api.w.org\/{rel}","templated":true}]}}